{"id":13852,"date":"2025-08-11T20:20:37","date_gmt":"2025-08-11T18:20:37","guid":{"rendered":"https:\/\/bertonbois.com\/?post_type=product&#038;p=13852"},"modified":"2025-12-03T12:48:02","modified_gmt":"2025-12-03T11:48:02","slug":"palette-de-granules-de-bois-din-premium-72-sacs-de-15-kg","status":"publish","type":"product","link":"https:\/\/bertonbois.com\/index.php\/produit\/palette-de-granules-de-bois-din-premium-72-sacs-de-15-kg\/","title":{"rendered":"Palette de Granul\u00e9s de bois DIN + Premium 72 sacs de 15 kg"},"content":{"rendered":"<h4 data-start=\"670\" data-end=\"740\"><strong data-start=\"670\" data-end=\"740\">Granul\u00e9s de bois DIN+ Premium \u2013 Chaleur performante et responsable<\/strong><\/h4>\n<p data-start=\"542\" data-end=\"903\">D\u00e9couvrez nos\u00a0<strong data-start=\"556\" data-end=\"589\">granul\u00e9s de bois DIN+ Premium<\/strong>, une solution de chauffage \u00e0 la fois efficace, locale et respectueuse de l\u2019environnement. Issus de bois 100 % r\u00e9sineux, sans liants ni additifs, ces pellets offrent une qualit\u00e9 naturelle et un excellent confort thermique. Ils assurent une combustion propre, un rendement \u00e9nerg\u00e9tique \u00e9lev\u00e9 et une durabilit\u00e9 m\u00e9canique sup\u00e9rieure, id\u00e9ale pour tous vos appareils compatibles.<\/p>\n<p data-start=\"905\" data-end=\"1245\">\ud83c\udf31\u00a0<strong data-start=\"908\" data-end=\"925\">100 % naturel<\/strong>, sans additifs<br data-start=\"940\" data-end=\"943\" \/><span data-start=\"946\" data-end=\"967\">\u2013\u00a0<\/span><strong data-start=\"946\" data-end=\"967\">Combustion propre<\/strong>\u00a0: tr\u00e8s peu de cendres, moins d\u2019encrassement<br data-start=\"1011\" data-end=\"1014\" \/><span data-start=\"1017\" data-end=\"1038\">\u2013\u00a0<\/span><strong data-start=\"1017\" data-end=\"1038\">Granul\u00e9s durables<\/strong>\u00a0: moins de poussi\u00e8res, transport et stockage simplifi\u00e9s<\/p>\n<p data-start=\"905\" data-end=\"1245\"><span data-start=\"1100\" data-end=\"1135\">Par ailleurs, ces granul\u00e9s sont issu d\u2019une\u00a0<strong>p<\/strong><\/span><strong data-start=\"1100\" data-end=\"1135\">roduction locale dans la Dr\u00f4me<\/strong>, \u00e0 partir de for\u00eats g\u00e9r\u00e9es durablement<\/p>\n<p data-start=\"905\" data-end=\"1245\">De plus, il s\u2019agit d\u2019un\u00a0<strong>produit exclusif dans le d\u00e9partement<\/strong>, en\u00a0<strong data-start=\"1225\" data-end=\"1245\">quantit\u00e9 limit\u00e9e !\u00a0<\/strong><\/p>\n<p data-start=\"1247\" data-end=\"1518\">Ainsi, gr\u00e2ce \u00e0 leur qualit\u00e9 sup\u00e9rieure, nos granul\u00e9s sont\u00a0<strong data-start=\"1298\" data-end=\"1341\">plus performants que les standards DIN+<\/strong>, vous garantissant un chauffage optimal, \u00e9conomique et respectueux de votre appareil.<\/p>\n<p data-start=\"1247\" data-end=\"1518\">Les granul\u00e9s conviennent parfaitement \u00e0 tous les po\u00eales et chaudi\u00e8res \u00e0 granul\u00e9s compatibles DIN+.<\/p>\n<p data-start=\"1195\" data-end=\"1346\">Id\u00e9al pour les po\u00eales et chaudi\u00e8res \u00e0 granul\u00e9s, ces granul\u00e9s vous garantissent un chauffage\u00a0<strong data-start=\"1299\" data-end=\"1311\">efficace<\/strong>,\u00a0<strong data-start=\"1313\" data-end=\"1323\">propre\u00a0<\/strong>et\u00a0<strong data-start=\"1327\" data-end=\"1345\">\u00e9coresponsable avec une exclusivit\u00e9 que vous ne trouverez pas ailleurs dans la r\u00e9gion.<\/strong><\/p>\n","protected":false},"excerpt":{"rendered":"<p>Granul\u00e9s de bois DIN+ premium : plus propres, plus durables, 100% naturels.<\/p>\n<p>Pour un chauffage performant et \u00e9cologique.<\/p>\n","protected":false},"featured_media":13849,"comment_status":"open","ping_status":"closed","template":"","meta":[],"product_brand":[],"product_cat":[516],"product_tag":[],"class_list":{"0":"post-13852","1":"product","2":"type-product","3":"status-publish","4":"has-post-thumbnail","6":"product_cat-granules-de-bois","8":"first","9":"instock","10":"taxable","11":"shipping-taxable","12":"purchasable","13":"product-type-simple"},"_links":{"self":[{"href":"https:\/\/bertonbois.com\/index.php\/wp-json\/wp\/v2\/product\/13852","targetHints":{"allow":["GET"]}}],"collection":[{"href":"https:\/\/bertonbois.com\/index.php\/wp-json\/wp\/v2\/product"}],"about":[{"href":"https:\/\/bertonbois.com\/index.php\/wp-json\/wp\/v2\/types\/product"}],"replies":[{"embeddable":true,"href":"https:\/\/bertonbois.com\/index.php\/wp-json\/wp\/v2\/comments?post=13852"}],"version-history":[{"count":1,"href":"https:\/\/bertonbois.com\/index.php\/wp-json\/wp\/v2\/product\/13852\/revisions"}],"predecessor-version":[{"id":13853,"href":"https:\/\/bertonbois.com\/index.php\/wp-json\/wp\/v2\/product\/13852\/revisions\/13853"}],"wp:featuredmedia":[{"embeddable":true,"href":"https:\/\/bertonbois.com\/index.php\/wp-json\/wp\/v2\/media\/13849"}],"wp:attachment":[{"href":"https:\/\/bertonbois.com\/index.php\/wp-json\/wp\/v2\/media?parent=13852"}],"wp:term":[{"taxonomy":"product_brand","embeddable":true,"href":"https:\/\/bertonbois.com\/index.php\/wp-json\/wp\/v2\/product_brand?post=13852"},{"taxonomy":"product_cat","embeddable":true,"href":"https:\/\/bertonbois.com\/index.php\/wp-json\/wp\/v2\/product_cat?post=13852"},{"taxonomy":"product_tag","embeddable":true,"href":"https:\/\/bertonbois.com\/index.php\/wp-json\/wp\/v2\/product_tag?post=13852"}],"curies":[{"name":"wp","href":"https:\/\/api.w.org\/{rel}","templated":true}]}}