{"id":13842,"date":"2025-08-11T20:15:27","date_gmt":"2025-08-11T18:15:27","guid":{"rendered":"https:\/\/bertonbois.com\/?post_type=product&#038;p=13842"},"modified":"2025-08-11T20:23:15","modified_gmt":"2025-08-11T18:23:15","slug":"granules-de-bois-crepito","status":"publish","type":"product","link":"https:\/\/bertonbois.com\/index.php\/produit\/granules-de-bois-crepito\/","title":{"rendered":"Granul\u00e9s de Bois Cr\u00e9pito Sac de 15 kg"},"content":{"rendered":"<h2><strong>Granul\u00e9s de bois 100% Fran\u00e7ais<\/strong><\/h2>\n<p>Les Granul\u00e9s de bois Cr\u00e9pito\u00ae sont fabriqu\u00e9s \u00e0 partir de <strong>sciures de bois r\u00e9sineux non trait\u00e9es<\/strong>, sans additifs ni liants. Gr\u00e2ce \u00e0 cette composition naturelle, ils garantissent une\u00a0<strong>qualit\u00e9 constante<\/strong>\u00a0pour un chauffage efficace. La\u00a0<strong>compression<\/strong>\u00a0des granul\u00e9s assure une performance optimale, offrant ainsi un\u00a0<strong>chauffage performant<\/strong>\u00a0pour vos\u00a0<strong>po\u00eales<\/strong>\u00a0et\u00a0<strong>inserts \u00e0 pellets<\/strong>.<\/p>\n<hr \/>\n<h3><strong>Stockage optimal des pellets pour une performance maximale<\/strong><\/h3>\n<p>Afin de maintenir leur efficacit\u00e9, il est essentiel de\u00a0<strong>conserver les sacs de granul\u00e9s<\/strong>\u00a0dans un endroit\u00a0<strong>sec<\/strong>, \u00e0 l\u2019abri de l\u2019humidit\u00e9. Cela permettra de pr\u00e9server la\u00a0<strong>qualit\u00e9<\/strong>\u00a0de vos\u00a0<strong>granul\u00e9s de bois<\/strong>\u00a0et de garantir une combustion de haute performance lorsque vous en aurez besoin.<\/p>\n<hr \/>\n<h3><strong>Haute performance calorifique pour un chauffage \u00e9conomique<\/strong><\/h3>\n<p>Les\u00a0<strong>granul\u00e9s Cr\u00e9pito\u00ae<\/strong>\u00a0sont reconnus pour leur\u00a0<strong>fort pouvoir calorifique<\/strong>. Ils assurent ainsi un rendement maximal, ce qui signifie moins de consommation pour un\u00a0<strong>chauffage \u00e9conomique<\/strong>. Id\u00e9als pour\u00a0<strong>po\u00eales<\/strong>\u00a0ou\u00a0<strong>inserts \u00e0 pellets<\/strong>, ils permettent de profiter d\u2019une chaleur agr\u00e9able tout en r\u00e9duisant la consommation de bois.<\/p>\n<hr \/>\n<h3><strong>Des granul\u00e9s de bois certifi\u00e9s et fiables<\/strong><\/h3>\n<p>Certifi\u00e9s\u00a0<strong>NF<\/strong>\u00a0et\u00a0<strong>DINplus<\/strong>, les\u00a0<strong>granul\u00e9s de bois Cr\u00e9pito\u00ae<\/strong>\u00a0ont \u00e9t\u00e9 test\u00e9s et approuv\u00e9s par le laboratoire\u00a0<strong>CERIC<\/strong>, garantissant leur qualit\u00e9. Parmi leurs caract\u00e9ristiques :<\/p>\n<ul>\n<li><strong>Granulom\u00e9trie r\u00e9guli\u00e8re<\/strong>, pour un \u00e9coulement parfait et sans blocages.<\/li>\n<li><strong>Faible teneur en humidit\u00e9 et poussi\u00e8re<\/strong>, ce qui r\u00e9duit l\u2019encrassage de vos appareils et optimise leur dur\u00e9e de vie.<\/li>\n<\/ul>\n","protected":false},"excerpt":{"rendered":"<p>Fabriqu\u00e9s sans additifs ni liants, ces\u00a0<strong>granul\u00e9s de bois certifi\u00e9s<\/strong>\u00a0offrent une qualit\u00e9 irr\u00e9prochable et des performances maximales. Test\u00e9s et valid\u00e9s par le laboratoire CERIC, ils garantissent un fort pouvoir calorifique, un faible taux d\u2019humidit\u00e9 et une utilisation optimale pour votre po\u00eale ou insert.<\/p>\n","protected":false},"featured_media":13845,"comment_status":"open","ping_status":"closed","template":"","meta":[],"product_brand":[],"product_cat":[516],"product_tag":[],"class_list":{"0":"post-13842","1":"product","2":"type-product","3":"status-publish","4":"has-post-thumbnail","6":"product_cat-granules-de-bois","8":"first","9":"instock","10":"taxable","11":"shipping-taxable","12":"purchasable","13":"product-type-simple"},"_links":{"self":[{"href":"https:\/\/bertonbois.com\/index.php\/wp-json\/wp\/v2\/product\/13842","targetHints":{"allow":["GET"]}}],"collection":[{"href":"https:\/\/bertonbois.com\/index.php\/wp-json\/wp\/v2\/product"}],"about":[{"href":"https:\/\/bertonbois.com\/index.php\/wp-json\/wp\/v2\/types\/product"}],"replies":[{"embeddable":true,"href":"https:\/\/bertonbois.com\/index.php\/wp-json\/wp\/v2\/comments?post=13842"}],"version-history":[{"count":2,"href":"https:\/\/bertonbois.com\/index.php\/wp-json\/wp\/v2\/product\/13842\/revisions"}],"predecessor-version":[{"id":13855,"href":"https:\/\/bertonbois.com\/index.php\/wp-json\/wp\/v2\/product\/13842\/revisions\/13855"}],"wp:featuredmedia":[{"embeddable":true,"href":"https:\/\/bertonbois.com\/index.php\/wp-json\/wp\/v2\/media\/13845"}],"wp:attachment":[{"href":"https:\/\/bertonbois.com\/index.php\/wp-json\/wp\/v2\/media?parent=13842"}],"wp:term":[{"taxonomy":"product_brand","embeddable":true,"href":"https:\/\/bertonbois.com\/index.php\/wp-json\/wp\/v2\/product_brand?post=13842"},{"taxonomy":"product_cat","embeddable":true,"href":"https:\/\/bertonbois.com\/index.php\/wp-json\/wp\/v2\/product_cat?post=13842"},{"taxonomy":"product_tag","embeddable":true,"href":"https:\/\/bertonbois.com\/index.php\/wp-json\/wp\/v2\/product_tag?post=13842"}],"curies":[{"name":"wp","href":"https:\/\/api.w.org\/{rel}","templated":true}]}}