{"id":13834,"date":"2025-08-11T19:50:55","date_gmt":"2025-08-11T17:50:55","guid":{"rendered":"https:\/\/bertonbois.com\/?post_type=product&#038;p=13834"},"modified":"2025-08-11T20:01:03","modified_gmt":"2025-08-11T18:01:03","slug":"palette-de-15-stere-de-bois-en-50-cm-melange-de-bois-durs-le-hetre-le-chene-le-charme","status":"publish","type":"product","link":"https:\/\/bertonbois.com\/index.php\/produit\/palette-de-15-stere-de-bois-en-50-cm-melange-de-bois-durs-le-hetre-le-chene-le-charme\/","title":{"rendered":"Palette de 1,5 st\u00e8re de bois en 50 cm- m\u00e9lange de bois durs ( le h\u00eatre, le ch\u00eane, le charme )"},"content":{"rendered":"<p>Nos b\u00fbches de bois de chauffage vous garantissent une performance \u00e9nerg\u00e9tique optimale, une combustion\u00a0<strong>efficace<\/strong>\u00a0et une\u00a0<strong>chaleur optimale<\/strong>. Il est parfait pour un chauffage de qualit\u00e9, offrant une chaleur r\u00e9guli\u00e8re et agr\u00e9able.<\/p>\n<p>Elles ont l\u2019avantage d\u2019\u00eatre pratiques \u00e0 manipuler et faciles \u00e0 stocker avec leur conditionnement en palette.<br \/>\nProfitez de vos b\u00fbches de bois coup\u00e9es en\u00a0 50cm<br \/>\nLe m\u00e9lange est uniquement constitu\u00e9 de h\u00eatre, charme, ch\u00eane, les essences les plus calorifiques pour le bois de chauffage.<\/p>\n","protected":false},"excerpt":{"rendered":"<p>Palette de 1,5 st\u00e8re de bois de chauffage rang\u00e9e.<\/p>\n<p>La palette est compos\u00e9e de bois durs, parmi les essences les plus calorifiques: le h\u00eatre, le ch\u00eane et le charme.<\/p>\n<table class=\"woocommerce-product-attributes shop_attributes\" style=\"height: 125px;\" width=\"451\" aria-label=\"D\u00e9tails du produit\">\n<tbody>\n<tr class=\"woocommerce-product-attributes-item woocommerce-product-attributes-item--weight\">\n<th class=\"woocommerce-product-attributes-item__label\" scope=\"row\">Poids<\/th>\n<td class=\"woocommerce-product-attributes-item__value\" data-o_content=\"ND\">650 kg<\/td>\n<\/tr>\n<tr class=\"woocommerce-product-attributes-item woocommerce-product-attributes-item--attribute_taille\">\n<th class=\"woocommerce-product-attributes-item__label\" scope=\"row\">Taille :<\/th>\n<td class=\"woocommerce-product-attributes-item__value\">\u00a0B\u00fbches 50cm<\/td>\n<\/tr>\n<tr class=\"woocommerce-product-attributes-item woocommerce-product-attributes-item--attribute_conditionnement\">\n<th class=\"woocommerce-product-attributes-item__label\" scope=\"row\">Conditionnement :<\/th>\n<td class=\"woocommerce-product-attributes-item__value\">1 palette = 1,5 St\u00e8res<\/td>\n<\/tr>\n<\/tbody>\n<\/table>\n","protected":false},"featured_media":13836,"comment_status":"open","ping_status":"closed","template":"","meta":[],"product_brand":[],"product_cat":[515],"product_tag":[],"class_list":{"0":"post-13834","1":"product","2":"type-product","3":"status-publish","4":"has-post-thumbnail","6":"product_cat-bois-de-chauffage","8":"first","9":"instock","10":"taxable","11":"shipping-taxable","12":"purchasable","13":"product-type-simple"},"_links":{"self":[{"href":"https:\/\/bertonbois.com\/index.php\/wp-json\/wp\/v2\/product\/13834","targetHints":{"allow":["GET"]}}],"collection":[{"href":"https:\/\/bertonbois.com\/index.php\/wp-json\/wp\/v2\/product"}],"about":[{"href":"https:\/\/bertonbois.com\/index.php\/wp-json\/wp\/v2\/types\/product"}],"replies":[{"embeddable":true,"href":"https:\/\/bertonbois.com\/index.php\/wp-json\/wp\/v2\/comments?post=13834"}],"version-history":[{"count":4,"href":"https:\/\/bertonbois.com\/index.php\/wp-json\/wp\/v2\/product\/13834\/revisions"}],"predecessor-version":[{"id":13840,"href":"https:\/\/bertonbois.com\/index.php\/wp-json\/wp\/v2\/product\/13834\/revisions\/13840"}],"wp:featuredmedia":[{"embeddable":true,"href":"https:\/\/bertonbois.com\/index.php\/wp-json\/wp\/v2\/media\/13836"}],"wp:attachment":[{"href":"https:\/\/bertonbois.com\/index.php\/wp-json\/wp\/v2\/media?parent=13834"}],"wp:term":[{"taxonomy":"product_brand","embeddable":true,"href":"https:\/\/bertonbois.com\/index.php\/wp-json\/wp\/v2\/product_brand?post=13834"},{"taxonomy":"product_cat","embeddable":true,"href":"https:\/\/bertonbois.com\/index.php\/wp-json\/wp\/v2\/product_cat?post=13834"},{"taxonomy":"product_tag","embeddable":true,"href":"https:\/\/bertonbois.com\/index.php\/wp-json\/wp\/v2\/product_tag?post=13834"}],"curies":[{"name":"wp","href":"https:\/\/api.w.org\/{rel}","templated":true}]}}