{"id":13827,"date":"2025-08-11T19:39:12","date_gmt":"2025-08-11T17:39:12","guid":{"rendered":"https:\/\/bertonbois.com\/?post_type=product&#038;p=13827"},"modified":"2025-09-12T15:00:51","modified_gmt":"2025-09-12T13:00:51","slug":"bois-de-chauffage-en-vrac-coupe-en-50-cm-100-feuillus-durs","status":"publish","type":"product","link":"https:\/\/bertonbois.com\/index.php\/produit\/bois-de-chauffage-en-vrac-coupe-en-50-cm-100-feuillus-durs\/","title":{"rendered":"Bois de chauffage en Vrac coup\u00e9 en 50 cm 100% Feuillus durs"},"content":{"rendered":"<h2><strong>Bois de chauffage 50 cm \u2013 La solution id\u00e9ale pour un chauffage efficace<\/strong><\/h2>\n<p><strong>Bois de qualit\u00e9 sup\u00e9rieure<\/strong>\u00a0: Compos\u00e9 de ch\u00eane, charme, h\u00eatre et fr\u00eane, issu des for\u00eats de Haute-Sa\u00f4ne, notre bois garanti une chaleur constante.<\/p>\n<p>Choisir un Bois de chauffage 50cm de qualit\u00e9 est essentiel pour garantir une combustion optimale dans vos po\u00eales et chemin\u00e9es. Ce bois de chauffage en vrac 100 % feuillus durs de Haute-Sa\u00f4ne, offre une chaleur intense et prolong\u00e9e.<\/p>\n<p>Ce bois traditionnel est s\u00e9ch\u00e9 naturellement, ce qui permet une combustion propre , efficace et calorifique. Taill\u00e9 en 50 cm et un diam\u00e8tre compris entre 5cm et 10cm il s\u2019adapte aux foyers, po\u00eales et chemin\u00e9es pour un confort de chauffe optimal.<\/p>\n<p>&nbsp;<\/p>\n<h2><strong>Un Bois de chauffage 50cm \u00e0 la fois pratique et \u00e9cologique<\/strong><\/h2>\n<p>Le bois de chauffage 50 cm est une solution id\u00e9ale pour ceux qui privil\u00e9gient une combustion naturelle et durable. Il peut \u00eatre livr\u00e9 \u00e0 la st\u00e8re en vrac par\u00a0camion benne\u00a0ou en\u00a0palette\u00a0par\u00a0camion grue\u00a0pour un stockage plus facile.<\/p>\n<p>De plus, il fournit une chaleur constante tout l\u2019hiver, assurant ainsi un confort optimal.<\/p>\n<p>&nbsp;<\/p>\n<table class=\"woocommerce-product-attributes shop_attributes\" style=\"height: 68px;\" width=\"644\" aria-label=\"D\u00e9tails du produit\">\n<tbody>\n<tr class=\"woocommerce-product-attributes-item woocommerce-product-attributes-item--weight\">\n<th class=\"woocommerce-product-attributes-item__label\" scope=\"row\">Poids<\/th>\n<td class=\"woocommerce-product-attributes-item__value\">450 kg<\/td>\n<\/tr>\n<tr class=\"woocommerce-product-attributes-item woocommerce-product-attributes-item--attribute_quantit%c3%a9\">\n<th class=\"woocommerce-product-attributes-item__label\" scope=\"row\">Quantit\u00e9 :<\/th>\n<td class=\"woocommerce-product-attributes-item__value\">1 St\u00e8re<\/td>\n<\/tr>\n<\/tbody>\n<\/table>\n","protected":false},"excerpt":{"rendered":"<p>Optez pour du\u00a0<strong>bois en vrac taill\u00e9 en 0,50 cm<\/strong>, exclusivement en feuillus durs issu des for\u00eats de Haute-Sa\u00f4ne. S\u00e9ch\u00e9 naturellement, il garantit une combustion efficace et durable.<\/p>\n<p><strong><span style=\"color: #ff0000;\">Le prix indiqu\u00e9 est celui d\u2019un seul st\u00e8re.<\/span> Pour conna\u00eetre le montant total, s\u00e9lectionnez simplement le nombre de st\u00e8res souhait\u00e9, puis ajoutez au panier<\/strong><\/p>\n","protected":false},"featured_media":13841,"comment_status":"open","ping_status":"closed","template":"","meta":[],"product_brand":[],"product_cat":[515],"product_tag":[],"class_list":{"0":"post-13827","1":"product","2":"type-product","3":"status-publish","4":"has-post-thumbnail","6":"product_cat-bois-de-chauffage","8":"first","9":"instock","10":"taxable","11":"shipping-taxable","12":"purchasable","13":"product-type-simple"},"_links":{"self":[{"href":"https:\/\/bertonbois.com\/index.php\/wp-json\/wp\/v2\/product\/13827","targetHints":{"allow":["GET"]}}],"collection":[{"href":"https:\/\/bertonbois.com\/index.php\/wp-json\/wp\/v2\/product"}],"about":[{"href":"https:\/\/bertonbois.com\/index.php\/wp-json\/wp\/v2\/types\/product"}],"replies":[{"embeddable":true,"href":"https:\/\/bertonbois.com\/index.php\/wp-json\/wp\/v2\/comments?post=13827"}],"version-history":[{"count":3,"href":"https:\/\/bertonbois.com\/index.php\/wp-json\/wp\/v2\/product\/13827\/revisions"}],"predecessor-version":[{"id":13935,"href":"https:\/\/bertonbois.com\/index.php\/wp-json\/wp\/v2\/product\/13827\/revisions\/13935"}],"wp:featuredmedia":[{"embeddable":true,"href":"https:\/\/bertonbois.com\/index.php\/wp-json\/wp\/v2\/media\/13841"}],"wp:attachment":[{"href":"https:\/\/bertonbois.com\/index.php\/wp-json\/wp\/v2\/media?parent=13827"}],"wp:term":[{"taxonomy":"product_brand","embeddable":true,"href":"https:\/\/bertonbois.com\/index.php\/wp-json\/wp\/v2\/product_brand?post=13827"},{"taxonomy":"product_cat","embeddable":true,"href":"https:\/\/bertonbois.com\/index.php\/wp-json\/wp\/v2\/product_cat?post=13827"},{"taxonomy":"product_tag","embeddable":true,"href":"https:\/\/bertonbois.com\/index.php\/wp-json\/wp\/v2\/product_tag?post=13827"}],"curies":[{"name":"wp","href":"https:\/\/api.w.org\/{rel}","templated":true}]}}