{"id":13467,"date":"2024-08-22T13:56:25","date_gmt":"2024-08-22T11:56:25","guid":{"rendered":"https:\/\/bertonbois.com\/?post_type=product&#038;p=13467"},"modified":"2025-12-03T14:08:03","modified_gmt":"2025-12-03T13:08:03","slug":"granules-de-bois-ecobio-palette-de-66-sacs-de-15-kg","status":"publish","type":"product","link":"https:\/\/bertonbois.com\/index.php\/produit\/granules-de-bois-ecobio-palette-de-66-sacs-de-15-kg\/","title":{"rendered":"Granul\u00e9s de Bois ECOBIO, palette de 66 Sacs de 15 Kg"},"content":{"rendered":"<div class=\"&quot;_36ca3aec&quot;\">\n<p>Granul\u00e9s de bois Ecobio, palette de 66 sacs de 15kg<\/p>\n<p>Granul\u00e9s de bois qualit\u00e9 sup\u00e9rieure<\/p>\n<p>Humidit\u00e9 \u2264 8%<br \/>\nPouvoir calorifique (kWh\/st\u00e8re) : 4,9 kWh.kg-1\u2265 PCI \u2265 5,3 kWh.kg-1<br \/>\nTaux de cendre \u2264 0,5%<br \/>\nCertifi\u00e9 DIN Plus<\/p>\n<p>&nbsp;<\/p>\n<\/div>\n","protected":false},"excerpt":{"rendered":"<table class=\"&quot;f16ac490\" style=\"height: 317px;\" width=\"605\">\n<tbody>\n<tr class=\"&quot;_16e35652&quot;\">\n<th class=\"&quot;_5de00b5d\">Usage<\/th>\n<td class=\"&quot;d13cb219\" data-test-id=\"&quot;product-spec-value&quot;\">Po\u00eale \u00e0 pellet<\/td>\n<\/tr>\n<tr class=\"&quot;_16e35652&quot;\">\n<th class=\"&quot;_5de00b5d\">Type de bois<\/th>\n<td class=\"&quot;d13cb219\" data-test-id=\"&quot;product-spec-value&quot;\">Bois dur<\/td>\n<\/tr>\n<tr class=\"&quot;_16e35652&quot;\">\n<th class=\"&quot;_5de00b5d\">Composition<\/th>\n<td class=\"&quot;d13cb219\" data-test-id=\"&quot;product-spec-value&quot;\">100% r\u00e9sineux<\/td>\n<\/tr>\n<tr class=\"&quot;_16e35652&quot;\">\n<th class=\"&quot;_5de00b5d\">Diam\u00e8tre (mm)<\/th>\n<td class=\"&quot;d13cb219\" data-test-id=\"&quot;product-spec-value&quot;\">6mm<\/td>\n<\/tr>\n<tr class=\"&quot;_16e35652&quot;\">\n<th class=\"&quot;_5de00b5d\">Longueur (mm)<\/th>\n<td class=\"&quot;d13cb219\" data-test-id=\"&quot;product-spec-value&quot;\">40mm<\/td>\n<\/tr>\n<tr class=\"&quot;_16e35652&quot;\">\n<th class=\"&quot;_5de00b5d\">Humidit\u00e9 maximale (bois)<\/th>\n<td class=\"&quot;d13cb219\" data-test-id=\"&quot;product-spec-value&quot;\">8%<\/td>\n<\/tr>\n<tr class=\"&quot;_16e35652&quot;\">\n<th class=\"&quot;_5de00b5d\">Humidit\u00e9 minimale (bois)<\/th>\n<td class=\"&quot;d13cb219\" data-test-id=\"&quot;product-spec-value&quot;\">8%<\/td>\n<\/tr>\n<tr class=\"&quot;_16e35652&quot;\">\n<th class=\"&quot;_5de00b5d\">Taux d\u2019humidit\u00e9 moyen<\/th>\n<td class=\"&quot;d13cb219\" data-test-id=\"&quot;product-spec-value&quot;\">8%<\/td>\n<\/tr>\n<tr class=\"&quot;_16e35652&quot;\">\n<th class=\"&quot;_5de00b5d\">Etat du produit<\/th>\n<td class=\"&quot;d13cb219\" data-test-id=\"&quot;product-spec-value&quot;\">Pr\u00eat \u00e0 l\u2019emploi<\/td>\n<\/tr>\n<tr class=\"&quot;_16e35652&quot;\">\n<th class=\"&quot;_5de00b5d\">Pouvoir calorifique par kg<\/th>\n<td class=\"&quot;d13cb219\" data-test-id=\"&quot;product-spec-value&quot;\">5.3MJ\/kg<\/td>\n<\/tr>\n<tr class=\"&quot;_16e35652&quot;\">\n<th class=\"&quot;_5de00b5d\"><\/th>\n<td class=\"&quot;d13cb219\" data-test-id=\"&quot;product-spec-value&quot;\"><\/td>\n<\/tr>\n<\/tbody>\n<\/table>\n","protected":false},"featured_media":13531,"comment_status":"open","ping_status":"closed","template":"","meta":[],"product_brand":[],"product_cat":[516],"product_tag":[],"class_list":{"0":"post-13467","1":"product","2":"type-product","3":"status-publish","4":"has-post-thumbnail","6":"product_cat-granules-de-bois","8":"first","9":"instock","10":"taxable","11":"shipping-taxable","12":"purchasable","13":"product-type-simple"},"_links":{"self":[{"href":"https:\/\/bertonbois.com\/index.php\/wp-json\/wp\/v2\/product\/13467","targetHints":{"allow":["GET"]}}],"collection":[{"href":"https:\/\/bertonbois.com\/index.php\/wp-json\/wp\/v2\/product"}],"about":[{"href":"https:\/\/bertonbois.com\/index.php\/wp-json\/wp\/v2\/types\/product"}],"replies":[{"embeddable":true,"href":"https:\/\/bertonbois.com\/index.php\/wp-json\/wp\/v2\/comments?post=13467"}],"version-history":[{"count":1,"href":"https:\/\/bertonbois.com\/index.php\/wp-json\/wp\/v2\/product\/13467\/revisions"}],"predecessor-version":[{"id":13532,"href":"https:\/\/bertonbois.com\/index.php\/wp-json\/wp\/v2\/product\/13467\/revisions\/13532"}],"wp:featuredmedia":[{"embeddable":true,"href":"https:\/\/bertonbois.com\/index.php\/wp-json\/wp\/v2\/media\/13531"}],"wp:attachment":[{"href":"https:\/\/bertonbois.com\/index.php\/wp-json\/wp\/v2\/media?parent=13467"}],"wp:term":[{"taxonomy":"product_brand","embeddable":true,"href":"https:\/\/bertonbois.com\/index.php\/wp-json\/wp\/v2\/product_brand?post=13467"},{"taxonomy":"product_cat","embeddable":true,"href":"https:\/\/bertonbois.com\/index.php\/wp-json\/wp\/v2\/product_cat?post=13467"},{"taxonomy":"product_tag","embeddable":true,"href":"https:\/\/bertonbois.com\/index.php\/wp-json\/wp\/v2\/product_tag?post=13467"}],"curies":[{"name":"wp","href":"https:\/\/api.w.org\/{rel}","templated":true}]}}