{"id":13465,"date":"2024-08-22T13:56:25","date_gmt":"2024-08-22T11:56:25","guid":{"rendered":"https:\/\/bertonbois.com\/?post_type=product&#038;p=13465"},"modified":"2025-12-03T14:06:27","modified_gmt":"2025-12-03T13:06:27","slug":"pellets-premium-de-totalenergies-66-sacs-de-15-kg","status":"publish","type":"product","link":"https:\/\/bertonbois.com\/index.php\/produit\/pellets-premium-de-totalenergies-66-sacs-de-15-kg\/","title":{"rendered":"Pellets Premium de TotalEnergies 66 Sacs de 15 kg"},"content":{"rendered":"<table class=\"contenttable\" align=\"center\">\n<thead>\n<tr>\n<th scope=\"col\">\n<p class=\"text-center\">Caract\u00e9ristique<\/p>\n<\/th>\n<th scope=\"col\">\n<p class=\"text-center\">DIN<em>plus<\/em><\/p>\n<\/th>\n<th scope=\"col\">\n<p class=\"text-center\">Total Pellets Premium<\/p>\n<\/th>\n<\/tr>\n<\/thead>\n<tbody>\n<tr>\n<td>\n<p class=\"text-center\">Pouvoir calorifique inf\u00e9rieur<\/p>\n<\/td>\n<td>\n<p class=\"text-center\">4,6 kWh\/kg \u2264 PCI<\/p>\n<\/td>\n<td>\n<p class=\"text-center\">4,8 \u2264 PCI \u2264 5,3kWh\/kg<\/p>\n<\/td>\n<\/tr>\n<tr>\n<td>\n<p class=\"text-center\">Taux d\u2019humidit\u00e9<\/p>\n<\/td>\n<td>\n<p class=\"text-center\">\u2264 10%<\/p>\n<\/td>\n<td>\n<p class=\"text-center\">\u2264 8%<\/p>\n<\/td>\n<\/tr>\n<tr>\n<td>\n<p class=\"text-center\">Taux de cendres<\/p>\n<\/td>\n<td>\n<p class=\"text-center\">\u2264 0,7%<\/p>\n<\/td>\n<td>\n<p class=\"text-center\">\u2264 0,5%<\/p>\n<\/td>\n<\/tr>\n<tr>\n<td>\n<p class=\"text-center\">Additif naturel<\/p>\n<\/td>\n<td>\n<p class=\"text-center\">\u2264 2%<\/p>\n<\/td>\n<td>\n<p class=\"text-center\">\u2264 0,8%<\/p>\n<\/td>\n<\/tr>\n<tr>\n<td>\n<p class=\"text-center\">Masse volumique<\/p>\n<\/td>\n<td>\n<p class=\"text-center\">\u2265 600kg\/m3<\/p>\n<\/td>\n<td>\n<p class=\"text-center\">\u2265 630kg\/m3<\/p>\n<\/td>\n<\/tr>\n<\/tbody>\n<\/table>\n<p>Avec les Pellets Premium de TotalEnergies vous choisissez une \u00e9nergie pratique, \u00e9conomique et performante.<br \/>\nLes granul\u00e9s de bois Pellets Premium de TotalEnergies sont con\u00e7us pour vous garantir un fort pouvoir calorifique et maximiser le rendement de votre po\u00eale ou insert \u00e0 granul\u00e9s. Le faible taux d\u2019humidit\u00e9 vous permet de r\u00e9duire votre consommation de pellets et de moins encrasser votre installation. Vous nettoierez moins souvent votre vitre et votre cendrier.<br \/>\nParfaits pour votre po\u00eale, chaudi\u00e8re ou insert \u00e0 granul\u00e9s<\/p>\n","protected":false},"excerpt":{"rendered":"<p>Caract\u00e9ristique DINplus Total Pellets Premium Pouvoir calorifique inf\u00e9rieur 4,6 kWh\/kg \u2264 PCI 4,8 \u2264 PCI \u2264 5,3kWh\/kg Taux d\u2019humidit\u00e9 \u2264<\/p>\n","protected":false},"featured_media":13527,"comment_status":"open","ping_status":"closed","template":"","meta":[],"product_brand":[],"product_cat":[516],"product_tag":[],"class_list":{"0":"post-13465","1":"product","2":"type-product","3":"status-publish","4":"has-post-thumbnail","6":"product_cat-granules-de-bois","8":"first","9":"instock","10":"taxable","11":"shipping-taxable","12":"purchasable","13":"product-type-simple"},"_links":{"self":[{"href":"https:\/\/bertonbois.com\/index.php\/wp-json\/wp\/v2\/product\/13465","targetHints":{"allow":["GET"]}}],"collection":[{"href":"https:\/\/bertonbois.com\/index.php\/wp-json\/wp\/v2\/product"}],"about":[{"href":"https:\/\/bertonbois.com\/index.php\/wp-json\/wp\/v2\/types\/product"}],"replies":[{"embeddable":true,"href":"https:\/\/bertonbois.com\/index.php\/wp-json\/wp\/v2\/comments?post=13465"}],"version-history":[{"count":1,"href":"https:\/\/bertonbois.com\/index.php\/wp-json\/wp\/v2\/product\/13465\/revisions"}],"predecessor-version":[{"id":13528,"href":"https:\/\/bertonbois.com\/index.php\/wp-json\/wp\/v2\/product\/13465\/revisions\/13528"}],"wp:featuredmedia":[{"embeddable":true,"href":"https:\/\/bertonbois.com\/index.php\/wp-json\/wp\/v2\/media\/13527"}],"wp:attachment":[{"href":"https:\/\/bertonbois.com\/index.php\/wp-json\/wp\/v2\/media?parent=13465"}],"wp:term":[{"taxonomy":"product_brand","embeddable":true,"href":"https:\/\/bertonbois.com\/index.php\/wp-json\/wp\/v2\/product_brand?post=13465"},{"taxonomy":"product_cat","embeddable":true,"href":"https:\/\/bertonbois.com\/index.php\/wp-json\/wp\/v2\/product_cat?post=13465"},{"taxonomy":"product_tag","embeddable":true,"href":"https:\/\/bertonbois.com\/index.php\/wp-json\/wp\/v2\/product_tag?post=13465"}],"curies":[{"name":"wp","href":"https:\/\/api.w.org\/{rel}","templated":true}]}}