{"id":13463,"date":"2024-08-22T13:56:25","date_gmt":"2024-08-22T11:56:25","guid":{"rendered":"https:\/\/bertonbois.com\/?post_type=product&#038;p=13463"},"modified":"2025-12-03T12:50:49","modified_gmt":"2025-12-03T11:50:49","slug":"granule-de-bois-limouzi-palette-de-66-sacs-de-15-kg","status":"publish","type":"product","link":"https:\/\/bertonbois.com\/index.php\/produit\/granule-de-bois-limouzi-palette-de-66-sacs-de-15-kg\/","title":{"rendered":"Granul\u00e9 de bois Limouzi \u2013 Palette de 66 sacs de 15 kg"},"content":{"rendered":"<p>Ces pellets sont de tr\u00e8s bonne qualit\u00e9 gr\u00e2ce \u00e0 une mati\u00e8re premi\u00e8re fraiche, constante issue de leur propre scierie. Ils ont un faible taux d\u2019humidit\u00e9 &lt; 8% les pellets LIMOUZI n\u2019encrasseront pas votre po\u00eale, insert ou chaudi\u00e8re. Gr\u00e2ce \u00e0 un pouvoir calorifique compris entre 4.6 et 5 KWh\/kg, vous b\u00e9n\u00e9ficierez d\u2019une combustion lente et compl\u00e8te ce qui r\u00e9duira votre consommation. Les pellets LIMOUZI sont fabriqu\u00e9s avec des sciures issues de for\u00eats g\u00e9r\u00e9es durablement, 100% r\u00e9sineuses, d\u2019o\u00f9 leur certification PEFC. De nombreux contr\u00f4les qualit\u00e9 sont effectu\u00e9s r\u00e9guli\u00e8rement : qualit\u00e9 des mati\u00e8res premi\u00e8res, process s\u00e9chage, presse, tamiseur et refroidisseur. Toute la cha\u00eene de fabrication. Ils sont certifi\u00e9s DIN Plus et sont 100% naturels, sans additif. Des tests sont r\u00e9alis\u00e9s 4 fois par jour sur site et en laboratoire avec tra\u00e7abilit\u00e9 du produit. Les sacs en format pratique, recyclables en poly\u00e9thyl\u00e8ne, plus resistants et faciles \u00e0 transvider.<\/p>\n<h3 class=\"h6\">Fiche technique<\/h3>\n<dl class=\"data-sheet\">\n<dt class=\"name\">Certificats<\/dt>\n<dd class=\"value\">DIN Plus, PEFC<\/dd>\n<dt class=\"name\">Pouvoir Calorifique<\/dt>\n<dd class=\"value\">Entre 4.6 et 5 KWh\/KG<\/dd>\n<dt class=\"name\">Taux D\u2019humidit\u00e9<\/dt>\n<dd class=\"value\">inf\u00e9rieur \u00e0 8%<\/dd>\n<dt class=\"name\">Taux De Cendres<\/dt>\n<dd class=\"value\">inf\u00e9rieur \u00e0 0.5%<\/dd>\n<dt class=\"name\">Taux De Poussi\u00e8re<\/dt>\n<dd class=\"value\">inf\u00e9rieur \u00e0 0.4%<\/dd>\n<dt class=\"name\">Essence<\/dt>\n<dd class=\"value\">R\u00e9sineuses<\/dd>\n<dt class=\"name\">Type De Bois<\/dt>\n<dd class=\"value\">100% r\u00e9sineux<\/dd>\n<dt class=\"name\">Diam\u00e8tre<\/dt>\n<dd class=\"value\">6 mm<\/dd>\n<dt class=\"name\">Conditionnement<\/dt>\n<dd class=\"value\">Palette<\/dd>\n<dt class=\"name\">Origine<\/dt>\n<dd class=\"value\">France<\/dd>\n<\/dl>\n","protected":false},"excerpt":{"rendered":"<div class=\"woocommerce-product-details__short-description\">\n<div class=\"woocommerce-product-details__short-description\">\n<p>Les granul\u00e9s de bois LIMOUZI poss\u00e8dent 2 certifications : DIN Plus et PEFC et sont 100% r\u00e9sineux. Ces pellets de qualit\u00e9 sont fabriqu\u00e9s en France dans le Limousin. Economique, performant et 100% naturel<\/p>\n<\/div>\n<\/div>\n","protected":false},"featured_media":13523,"comment_status":"open","ping_status":"closed","template":"","meta":[],"product_brand":[],"product_cat":[516],"product_tag":[],"class_list":{"0":"post-13463","1":"product","2":"type-product","3":"status-publish","4":"has-post-thumbnail","6":"product_cat-granules-de-bois","8":"first","9":"instock","10":"taxable","11":"shipping-taxable","12":"purchasable","13":"product-type-simple"},"_links":{"self":[{"href":"https:\/\/bertonbois.com\/index.php\/wp-json\/wp\/v2\/product\/13463","targetHints":{"allow":["GET"]}}],"collection":[{"href":"https:\/\/bertonbois.com\/index.php\/wp-json\/wp\/v2\/product"}],"about":[{"href":"https:\/\/bertonbois.com\/index.php\/wp-json\/wp\/v2\/types\/product"}],"replies":[{"embeddable":true,"href":"https:\/\/bertonbois.com\/index.php\/wp-json\/wp\/v2\/comments?post=13463"}],"version-history":[{"count":1,"href":"https:\/\/bertonbois.com\/index.php\/wp-json\/wp\/v2\/product\/13463\/revisions"}],"predecessor-version":[{"id":13524,"href":"https:\/\/bertonbois.com\/index.php\/wp-json\/wp\/v2\/product\/13463\/revisions\/13524"}],"wp:featuredmedia":[{"embeddable":true,"href":"https:\/\/bertonbois.com\/index.php\/wp-json\/wp\/v2\/media\/13523"}],"wp:attachment":[{"href":"https:\/\/bertonbois.com\/index.php\/wp-json\/wp\/v2\/media?parent=13463"}],"wp:term":[{"taxonomy":"product_brand","embeddable":true,"href":"https:\/\/bertonbois.com\/index.php\/wp-json\/wp\/v2\/product_brand?post=13463"},{"taxonomy":"product_cat","embeddable":true,"href":"https:\/\/bertonbois.com\/index.php\/wp-json\/wp\/v2\/product_cat?post=13463"},{"taxonomy":"product_tag","embeddable":true,"href":"https:\/\/bertonbois.com\/index.php\/wp-json\/wp\/v2\/product_tag?post=13463"}],"curies":[{"name":"wp","href":"https:\/\/api.w.org\/{rel}","templated":true}]}}