{"id":13462,"date":"2024-08-22T13:56:25","date_gmt":"2024-08-22T11:56:25","guid":{"rendered":"https:\/\/bertonbois.com\/?post_type=product&#038;p=13462"},"modified":"2025-12-03T12:50:35","modified_gmt":"2025-12-03T11:50:35","slug":"granule-helios-palette-de-65-sacs-de-15-kg","status":"publish","type":"product","link":"https:\/\/bertonbois.com\/index.php\/produit\/granule-helios-palette-de-65-sacs-de-15-kg\/","title":{"rendered":"Granul\u00e9 Helios &#8211; Palette de 65 sacs de 15 kg"},"content":{"rendered":"<p>Les pellets de bois HELIOS sont certifi\u00e9s DIN Plus et EN Plus A1 et sont 100% r\u00e9sineux.<\/p>\n<p>Gr\u00e2ce \u00e0 son sac transparent, vous constaterez rapidement le taux de poussi\u00e8res (&lt; 0,5 %) et la couleur tr\u00e8s claire de ses granul\u00e9s.<\/p>\n<p>Son pouvoir calorifique sup\u00e9rieur \u00e0 4,7 kWh\/kg, fait de lui un produit universel \u00e0 prix attractif.<\/p>\n<p>Ce pellet est id\u00e9al pour les po\u00eales, inserts et chaudi\u00e8res \u00e0 granul\u00e9s de bois.<\/p>\n<p>Concernant le lieu de stockage des pellets, il doit \u00eatre sec et temp\u00e9r\u00e9.<\/p>\n<p>Les sacs doivent \u00eatre sur\u00e9lev\u00e9s du sol par une palette et d\u00e9coll\u00e9s des murs. Ils ne doivent en aucun cas \u00eatre en contact avec l\u2019humidit\u00e9, sous peine de devenir inutilisables.<\/p>\n<p><strong>Fiche technique<\/strong><\/p>\n<p>Composition<br \/>\n100% r\u00e9sineux<\/p>\n<p>Certificats<br \/>\nDIN Plus, EN Plus A1<\/p>\n<p>Pouvoir Calorifique<br \/>\nSup\u00e9rieur \u00e0 4,7 kWh\/kg<\/p>\n<p>Taux D\u2019humidit\u00e9<br \/>\nInf\u00e9rieur \u00e0 10 %<\/p>\n<p>Taux De Cendres<br \/>\nInf\u00e9rieur \u00e0 0,7 %<\/p>\n<p>Taux De Poussi\u00e8re<br \/>\nInf\u00e9rieur \u00e0 0,5 %<\/p>\n<p>Diam\u00e8tre<br \/>\n6 mm<\/p>\n<p>Conditionnement<br \/>\nPalette<\/p>\n","protected":false},"excerpt":{"rendered":"<p>Les pellets de bois HELIOS sont certifi\u00e9s DIN Plus et EN Plus A1 et sont 100% r\u00e9sineux.<\/p>\n","protected":false},"featured_media":13521,"comment_status":"open","ping_status":"closed","template":"","meta":[],"product_brand":[],"product_cat":[516],"product_tag":[],"class_list":{"0":"post-13462","1":"product","2":"type-product","3":"status-publish","4":"has-post-thumbnail","6":"product_cat-granules-de-bois","8":"first","9":"instock","10":"taxable","11":"shipping-taxable","12":"purchasable","13":"product-type-simple"},"_links":{"self":[{"href":"https:\/\/bertonbois.com\/index.php\/wp-json\/wp\/v2\/product\/13462","targetHints":{"allow":["GET"]}}],"collection":[{"href":"https:\/\/bertonbois.com\/index.php\/wp-json\/wp\/v2\/product"}],"about":[{"href":"https:\/\/bertonbois.com\/index.php\/wp-json\/wp\/v2\/types\/product"}],"replies":[{"embeddable":true,"href":"https:\/\/bertonbois.com\/index.php\/wp-json\/wp\/v2\/comments?post=13462"}],"version-history":[{"count":1,"href":"https:\/\/bertonbois.com\/index.php\/wp-json\/wp\/v2\/product\/13462\/revisions"}],"predecessor-version":[{"id":13522,"href":"https:\/\/bertonbois.com\/index.php\/wp-json\/wp\/v2\/product\/13462\/revisions\/13522"}],"wp:featuredmedia":[{"embeddable":true,"href":"https:\/\/bertonbois.com\/index.php\/wp-json\/wp\/v2\/media\/13521"}],"wp:attachment":[{"href":"https:\/\/bertonbois.com\/index.php\/wp-json\/wp\/v2\/media?parent=13462"}],"wp:term":[{"taxonomy":"product_brand","embeddable":true,"href":"https:\/\/bertonbois.com\/index.php\/wp-json\/wp\/v2\/product_brand?post=13462"},{"taxonomy":"product_cat","embeddable":true,"href":"https:\/\/bertonbois.com\/index.php\/wp-json\/wp\/v2\/product_cat?post=13462"},{"taxonomy":"product_tag","embeddable":true,"href":"https:\/\/bertonbois.com\/index.php\/wp-json\/wp\/v2\/product_tag?post=13462"}],"curies":[{"name":"wp","href":"https:\/\/api.w.org\/{rel}","templated":true}]}}