{"id":13461,"date":"2024-08-22T13:56:25","date_gmt":"2024-08-22T11:56:25","guid":{"rendered":"https:\/\/bertonbois.com\/?post_type=product&#038;p=13461"},"modified":"2025-12-03T12:48:37","modified_gmt":"2025-12-03T11:48:37","slug":"pellets-natural-energie-palette-de-70-sacs-de-15-kg","status":"publish","type":"product","link":"https:\/\/bertonbois.com\/index.php\/produit\/pellets-natural-energie-palette-de-70-sacs-de-15-kg\/","title":{"rendered":"Pellets Natural Energie \u2013 Palette de 70 sacs de 15 kg"},"content":{"rendered":"<p>Les pellets de bois de marque Natural Energie sont issus de bois r\u00e9sineux 100 % naturel.<\/p>\n<p>Avec un pouvoir calorifique sup\u00e9rieur \u00e0 4.6 kWh\/KG, vous obtiendrez une chaleur constante dans votre foyer.<\/p>\n<p>Il poss\u00e8de des taux faibles en cendres et en poussi\u00e8res, ce qui encrassera moins votre po\u00eale.<\/p>\n<p>Ces pellets proviennent d\u2019une entreprise soucieuse de l\u2019environnement \u00e0 faible bilan carbone.<\/p>\n<p>Un pellet Fran\u00e7ais de qualit\u00e9 premium, le natural \u00e9nergie est fait pour vous.<\/p>\n<h3 class=\"h6\">Fiche technique<\/h3>\n<dl class=\"data-sheet\">\n<dt class=\"name\">Certificats<\/dt>\n<dd class=\"value\">DIN Plus<\/dd>\n<dt class=\"name\">Pouvoir Calorifique<\/dt>\n<dd class=\"value\">Sup\u00e9rieur \u00e0 4,6 kWh\/kg<\/dd>\n<dt class=\"name\">Taux D\u2019humidit\u00e9<\/dt>\n<dd class=\"value\">Inf\u00e9rieur \u00e0 10 %<\/dd>\n<dt class=\"name\">Taux De Cendres<\/dt>\n<dd class=\"value\">Inf\u00e9rieur \u00e0 0,7 %<\/dd>\n<dt class=\"name\">Taux De Poussi\u00e8re<\/dt>\n<dd class=\"value\">Inf\u00e9rieur \u00e0 1 %<\/dd>\n<dt class=\"name\">Diam\u00e8tre<\/dt>\n<dd class=\"value\">6 mm<\/dd>\n<dt class=\"name\">Conditionnement<\/dt>\n<dd class=\"value\">Palette<\/dd>\n<dt class=\"name\">Origine<\/dt>\n<dd class=\"value\">France<\/dd>\n<\/dl>\n","protected":false},"excerpt":{"rendered":"<p>Les granul\u00e9s de bois NATURAL ENERGIE sont DIN Plus et fabriqu\u00e9s en France dans le Puy de D\u00f4me.<br \/>\nCes pellets sont fabriqu\u00e9s avec des sciures 100% r\u00e9sineux, provenant de scieries locales.<\/p>\n<p>&nbsp;<\/p>\n","protected":false},"featured_media":13519,"comment_status":"open","ping_status":"closed","template":"","meta":[],"product_brand":[],"product_cat":[516],"product_tag":[],"class_list":{"0":"post-13461","1":"product","2":"type-product","3":"status-publish","4":"has-post-thumbnail","6":"product_cat-granules-de-bois","8":"first","9":"instock","10":"taxable","11":"shipping-taxable","12":"purchasable","13":"product-type-simple"},"_links":{"self":[{"href":"https:\/\/bertonbois.com\/index.php\/wp-json\/wp\/v2\/product\/13461","targetHints":{"allow":["GET"]}}],"collection":[{"href":"https:\/\/bertonbois.com\/index.php\/wp-json\/wp\/v2\/product"}],"about":[{"href":"https:\/\/bertonbois.com\/index.php\/wp-json\/wp\/v2\/types\/product"}],"replies":[{"embeddable":true,"href":"https:\/\/bertonbois.com\/index.php\/wp-json\/wp\/v2\/comments?post=13461"}],"version-history":[{"count":1,"href":"https:\/\/bertonbois.com\/index.php\/wp-json\/wp\/v2\/product\/13461\/revisions"}],"predecessor-version":[{"id":13520,"href":"https:\/\/bertonbois.com\/index.php\/wp-json\/wp\/v2\/product\/13461\/revisions\/13520"}],"wp:featuredmedia":[{"embeddable":true,"href":"https:\/\/bertonbois.com\/index.php\/wp-json\/wp\/v2\/media\/13519"}],"wp:attachment":[{"href":"https:\/\/bertonbois.com\/index.php\/wp-json\/wp\/v2\/media?parent=13461"}],"wp:term":[{"taxonomy":"product_brand","embeddable":true,"href":"https:\/\/bertonbois.com\/index.php\/wp-json\/wp\/v2\/product_brand?post=13461"},{"taxonomy":"product_cat","embeddable":true,"href":"https:\/\/bertonbois.com\/index.php\/wp-json\/wp\/v2\/product_cat?post=13461"},{"taxonomy":"product_tag","embeddable":true,"href":"https:\/\/bertonbois.com\/index.php\/wp-json\/wp\/v2\/product_tag?post=13461"}],"curies":[{"name":"wp","href":"https:\/\/api.w.org\/{rel}","templated":true}]}}