{"id":13460,"date":"2024-08-22T13:56:25","date_gmt":"2024-08-22T11:56:25","guid":{"rendered":"https:\/\/bertonbois.com\/?post_type=product&#038;p=13460"},"modified":"2025-12-03T12:48:20","modified_gmt":"2025-12-03T11:48:20","slug":"pellet-valboval-palette-de-65-sacs-de-15-kg","status":"publish","type":"product","link":"https:\/\/bertonbois.com\/index.php\/produit\/pellet-valboval-palette-de-65-sacs-de-15-kg\/","title":{"rendered":"Pellet Valboval \u2013 Palette de 65 sacs de 15 kg"},"content":{"rendered":"<p>Le pellet VALBOVAL est un de nos produits haut de gamme, sa qualit\u00e9 est sup\u00e9rieure aux exigences de la norme DIN Plus.<\/p>\n<p>Avec des taux de cendres et de poussi\u00e8res faibles, vous n\u2019encrasserez pas votre po\u00eale, insert ou chaudi\u00e8re.<\/p>\n<p>Son pouvoir calorifique \u00e9tant \u00e9lev\u00e9 (5 kWh\/kg) vous \u00eates assur\u00e9s d\u2019obtenir une chaleur constante dans votre foyer et une mont\u00e9e rapide en temp\u00e9rature.<\/p>\n<p>Il est id\u00e9al pour tous les syst\u00e8mes de chauffage \u00e0 granul\u00e9s.<\/p>\n<p>Ce granul\u00e9 est fabriqu\u00e9 en France, en l\u2019achetant, vous choisissez un mode de chauffage \u00e9cologique et \u00e9conomique, tout en pr\u00e9servant votre appareil.<\/p>\n<p>&nbsp;<\/p>\n<div class=\"product-reference\"><label class=\"label\">R\u00e9f\u00e9rence<\/label>\u00a0PELLET_PALETTE_VALBOVAL<\/div>\n<div class=\"product-out-of-stock\"><\/div>\n<h3 class=\"h6\">Fiche technique<\/h3>\n<dl class=\"data-sheet\">\n<dt class=\"name\">Composition<\/dt>\n<dd class=\"value\">100% r\u00e9sineux<\/dd>\n<dt class=\"name\">Certificats<\/dt>\n<dd class=\"value\">DIN Plus<\/dd>\n<dt class=\"name\">Pouvoir Calorifique<\/dt>\n<dd class=\"value\">Sup\u00e9rieur \u00e0 5 kWh\/kg<\/dd>\n<dt class=\"name\">Taux D\u2019humidit\u00e9<\/dt>\n<dd class=\"value\">Inf\u00e9rieur \u00e0 10 %<\/dd>\n<dt class=\"name\">Taux De Cendres<\/dt>\n<dd class=\"value\">Inf\u00e9rieur \u00e0 0,7 %<\/dd>\n<dt class=\"name\">Taux De Poussi\u00e8re<\/dt>\n<dd class=\"value\">Inf\u00e9rieur \u00e0 0,5 %<\/dd>\n<dt class=\"name\">Type De Bois<\/dt>\n<dd class=\"value\">100% r\u00e9sineux<\/dd>\n<dt class=\"name\">Diam\u00e8tre<\/dt>\n<dd class=\"value\">6 mm<\/dd>\n<dt class=\"name\">Conditionnement<\/dt>\n<dd class=\"value\">Palette<\/dd>\n<dt class=\"name\">Origine<\/dt>\n<dd class=\"value\">France<\/dd>\n<\/dl>\n","protected":false},"excerpt":{"rendered":"<p>Pellet de bois VALBOVAL, 100 % fran\u00e7ais, 100 % r\u00e9sineux et certifi\u00e9 DIN Plus.<\/p>\n<p>Pouvoir calorifique \u00e9lev\u00e9 et faibles taux en cendres et en poussi\u00e8res.<\/p>\n<p>Produit local de bonne qualit\u00e9 et \u00e0 petit prix.<\/p>\n<p>&nbsp;<\/p>\n","protected":false},"featured_media":13517,"comment_status":"open","ping_status":"closed","template":"","meta":[],"product_brand":[],"product_cat":[516],"product_tag":[],"class_list":{"0":"post-13460","1":"product","2":"type-product","3":"status-publish","4":"has-post-thumbnail","6":"product_cat-granules-de-bois","8":"first","9":"instock","10":"taxable","11":"shipping-taxable","12":"purchasable","13":"product-type-simple"},"_links":{"self":[{"href":"https:\/\/bertonbois.com\/index.php\/wp-json\/wp\/v2\/product\/13460","targetHints":{"allow":["GET"]}}],"collection":[{"href":"https:\/\/bertonbois.com\/index.php\/wp-json\/wp\/v2\/product"}],"about":[{"href":"https:\/\/bertonbois.com\/index.php\/wp-json\/wp\/v2\/types\/product"}],"replies":[{"embeddable":true,"href":"https:\/\/bertonbois.com\/index.php\/wp-json\/wp\/v2\/comments?post=13460"}],"version-history":[{"count":1,"href":"https:\/\/bertonbois.com\/index.php\/wp-json\/wp\/v2\/product\/13460\/revisions"}],"predecessor-version":[{"id":13518,"href":"https:\/\/bertonbois.com\/index.php\/wp-json\/wp\/v2\/product\/13460\/revisions\/13518"}],"wp:featuredmedia":[{"embeddable":true,"href":"https:\/\/bertonbois.com\/index.php\/wp-json\/wp\/v2\/media\/13517"}],"wp:attachment":[{"href":"https:\/\/bertonbois.com\/index.php\/wp-json\/wp\/v2\/media?parent=13460"}],"wp:term":[{"taxonomy":"product_brand","embeddable":true,"href":"https:\/\/bertonbois.com\/index.php\/wp-json\/wp\/v2\/product_brand?post=13460"},{"taxonomy":"product_cat","embeddable":true,"href":"https:\/\/bertonbois.com\/index.php\/wp-json\/wp\/v2\/product_cat?post=13460"},{"taxonomy":"product_tag","embeddable":true,"href":"https:\/\/bertonbois.com\/index.php\/wp-json\/wp\/v2\/product_tag?post=13460"}],"curies":[{"name":"wp","href":"https:\/\/api.w.org\/{rel}","templated":true}]}}