{"id":13458,"date":"2024-08-22T13:56:25","date_gmt":"2024-08-22T11:56:25","guid":{"rendered":"https:\/\/bertonbois.com\/?post_type=product&#038;p=13458"},"modified":"2025-12-03T14:14:03","modified_gmt":"2025-12-03T13:14:03","slug":"pellet-ardenforest-palette-de-70-sacs-de-15-kg","status":"publish","type":"product","link":"https:\/\/bertonbois.com\/index.php\/produit\/pellet-ardenforest-palette-de-70-sacs-de-15-kg\/","title":{"rendered":"Pellet Ardenforest \u2013 Palette de 70 sacs de 15 kg"},"content":{"rendered":"<p>Les pellets de bois Ardenforest sont certifi\u00e9s DIN Plus, fabriqu\u00e9s en Champagne Ardenne avec un m\u00e9lange de bois r\u00e9sineux et feuillus, avec un fort pouvoir calorifique.<\/p>\n<p>Ces pellets sont de bonne qualit\u00e9 et conviennent parfaitement \u00e0 tous les syst\u00e8mes de chauffage \u00e0 pellet comme les po\u00eales, les inserts et les chaudi\u00e8res.<\/p>\n<p>Le 100 % r\u00e9sineux n\u2019est pas une obligation, n\u2019h\u00e9sitez plus, testez le m\u00e9lange de bois. Il n\u2019encrassera pas votre chauffage mais vous offrira une chaleur constante et une mont\u00e9e rapide en temp\u00e9rature.<\/p>\n<p>Et oui, il est possible de se chauffer avec un pellet qui n\u2019est pas 100 % r\u00e9sineux !!<\/p>\n<p>Un m\u00e9lange de feuillus avec du r\u00e9sineux permet d\u2019obtenir une colle naturelle sur les pellets pour ne pas qu\u2019ils se cassent lors de la compression et du voyage vers la vis sans fin.<\/p>\n<p>L\u2019origine du bois est tr\u00e8s importante pour l\u2019environnement, plus vous choisissez un pellet proche de chez vous et moins il y aura de CO2.<\/p>\n<p>Pour avoir un bon pellet, il faut avoir un taux d\u2019humidit\u00e9 &lt; 10%,\u00a0 un taux de cendre &lt; 0,7%, un taux de poussi\u00e8res &lt; 0,5 % et un pouvoir calorique &gt; 4,6 kWh\/kg.<\/p>\n<div class=\"product-out-of-stock\"><\/div>\n<h3 class=\"h6\">Fiche technique<\/h3>\n<dl class=\"data-sheet\">\n<dt class=\"name\">Composition<\/dt>\n<dd class=\"value\">R\u00e9sineux et feuillus<\/dd>\n<dt class=\"name\">Certificats<\/dt>\n<dd class=\"value\">DIN Plus, PEFC<\/dd>\n<dt class=\"name\">Pouvoir Calorifique<\/dt>\n<dd class=\"value\">Sup\u00e9rieur \u00e0 5 kWh\/kg<\/dd>\n<dt class=\"name\">Taux D\u2019humidit\u00e9<\/dt>\n<dd class=\"value\">Inf\u00e9rieur \u00e0 10 %<\/dd>\n<dt class=\"name\">Taux De Cendres<\/dt>\n<dd class=\"value\">Inf\u00e9rieur \u00e0 0,7 %<\/dd>\n<dt class=\"name\">Taux De Poussi\u00e8re<\/dt>\n<dd class=\"value\">Inf\u00e9rieur \u00e0 0,5 %<\/dd>\n<dt class=\"name\">Diam\u00e8tre<\/dt>\n<dd class=\"value\">6 mm<\/dd>\n<dt class=\"name\">Conditionnement<\/dt>\n<dd class=\"value\">Palette<\/dd>\n<dt class=\"name\">Origine<\/dt>\n<dd class=\"value\">France<\/dd>\n<\/dl>\n","protected":false},"excerpt":{"rendered":"<p>Les granul\u00e9s de bois ARDENFOREST sont DIN Plus et fabriqu\u00e9s en Champagne Ardenne.<\/p>\n<p>Ces pellets sont constitu\u00e9s de 70 % de bois de r\u00e9sineux et 30 % de bois de feuillus pour une chaleur constante et une bonne combustion.<\/p>\n<p>&nbsp;<\/p>\n","protected":false},"featured_media":13513,"comment_status":"open","ping_status":"closed","template":"","meta":[],"product_brand":[],"product_cat":[516],"product_tag":[],"class_list":{"0":"post-13458","1":"product","2":"type-product","3":"status-publish","4":"has-post-thumbnail","6":"product_cat-granules-de-bois","8":"first","9":"instock","10":"taxable","11":"shipping-taxable","12":"purchasable","13":"product-type-simple"},"_links":{"self":[{"href":"https:\/\/bertonbois.com\/index.php\/wp-json\/wp\/v2\/product\/13458","targetHints":{"allow":["GET"]}}],"collection":[{"href":"https:\/\/bertonbois.com\/index.php\/wp-json\/wp\/v2\/product"}],"about":[{"href":"https:\/\/bertonbois.com\/index.php\/wp-json\/wp\/v2\/types\/product"}],"replies":[{"embeddable":true,"href":"https:\/\/bertonbois.com\/index.php\/wp-json\/wp\/v2\/comments?post=13458"}],"version-history":[{"count":1,"href":"https:\/\/bertonbois.com\/index.php\/wp-json\/wp\/v2\/product\/13458\/revisions"}],"predecessor-version":[{"id":13514,"href":"https:\/\/bertonbois.com\/index.php\/wp-json\/wp\/v2\/product\/13458\/revisions\/13514"}],"wp:featuredmedia":[{"embeddable":true,"href":"https:\/\/bertonbois.com\/index.php\/wp-json\/wp\/v2\/media\/13513"}],"wp:attachment":[{"href":"https:\/\/bertonbois.com\/index.php\/wp-json\/wp\/v2\/media?parent=13458"}],"wp:term":[{"taxonomy":"product_brand","embeddable":true,"href":"https:\/\/bertonbois.com\/index.php\/wp-json\/wp\/v2\/product_brand?post=13458"},{"taxonomy":"product_cat","embeddable":true,"href":"https:\/\/bertonbois.com\/index.php\/wp-json\/wp\/v2\/product_cat?post=13458"},{"taxonomy":"product_tag","embeddable":true,"href":"https:\/\/bertonbois.com\/index.php\/wp-json\/wp\/v2\/product_tag?post=13458"}],"curies":[{"name":"wp","href":"https:\/\/api.w.org\/{rel}","templated":true}]}}