{"id":13456,"date":"2024-08-22T13:56:25","date_gmt":"2024-08-22T11:56:25","guid":{"rendered":"https:\/\/bertonbois.com\/?post_type=product&#038;p=13456"},"modified":"2025-12-03T14:12:49","modified_gmt":"2025-12-03T13:12:49","slug":"pellet-bio-energie-palette-de-66-sacs-de-15-kg","status":"publish","type":"product","link":"https:\/\/bertonbois.com\/index.php\/produit\/pellet-bio-energie-palette-de-66-sacs-de-15-kg\/","title":{"rendered":"Pellet Bio Energie \u2013 Palette de 66 sacs de 15 kg"},"content":{"rendered":"<p>Les pellets Bio Energie, issus de bois de for\u00eats Allemandes g\u00e9r\u00e9es durablement.<\/p>\n<p>De bois 100 % r\u00e9sineux, ils sont fabriqu\u00e9s dans une entreprise soucieuse de l\u2019environnement et souhaitant d\u00e9velopper les \u00e9nergies renouvelables.<\/p>\n<p>Ils sont certif\u00e9s DIN Plus, EN Plus A1 et PEFC afin de convenir \u00e0 tous les syst\u00e8mes de chauffage \u00e0 pellet.<\/p>\n<p>Ils n\u2019encrasseront pas votre po\u00eale ou chaudi\u00e8re.<\/p>\n<div class=\"product-reference\"><label class=\"label\">R\u00e9f\u00e9rence<\/label>\u00a0PELLET_PALETTE_BIOENERGIE<\/div>\n<div class=\"product-out-of-stock\"><\/div>\n<h3 class=\"h6\">Fiche technique<\/h3>\n<dl class=\"data-sheet\">\n<dt class=\"name\">Certificats<\/dt>\n<dd class=\"value\">DIN Plus, EN Plus A1<\/dd>\n<dt class=\"name\">Pouvoir Calorifique<\/dt>\n<dd class=\"value\">Sup\u00e9rieur \u00e0 4,6 kWh\/kg<\/dd>\n<dt class=\"name\">Taux D\u2019humidit\u00e9<\/dt>\n<dd class=\"value\">Inf\u00e9rieur \u00e0 8 %<\/dd>\n<dt class=\"name\">Taux De Cendres<\/dt>\n<dd class=\"value\">Inf\u00e9rieur \u00e0 0,5 %<\/dd>\n<dt class=\"name\">Taux De Poussi\u00e8re<\/dt>\n<dd class=\"value\">Inf\u00e9rieur \u00e0 0,7 %<\/dd>\n<dt class=\"name\">Conditionnement<\/dt>\n<dd class=\"value\">Palette<\/dd>\n<dt class=\"name\">Origine<\/dt>\n<dd class=\"value\">Allemagne<\/dd>\n<\/dl>\n","protected":false},"excerpt":{"rendered":"<p>Granul\u00e9s de bois BIOENERGIE, certifi\u00e9s DIN Plus, EN Plus A1 et PEFC, 100% r\u00e9sineux.<\/p>\n<p>Fabriqu\u00e9s en Allemagne dans une scierie soucieuse de l\u2019environnement.<\/p>\n<p>Leur priorit\u00e9 est la qualit\u00e9 des produits, naturels avec du bois provenant de for\u00eats g\u00e9r\u00e9es durablement.<\/p>\n<p>&nbsp;<\/p>\n","protected":false},"featured_media":13509,"comment_status":"open","ping_status":"closed","template":"","meta":[],"product_brand":[],"product_cat":[516],"product_tag":[],"class_list":{"0":"post-13456","1":"product","2":"type-product","3":"status-publish","4":"has-post-thumbnail","6":"product_cat-granules-de-bois","8":"first","9":"instock","10":"taxable","11":"shipping-taxable","12":"purchasable","13":"product-type-simple"},"_links":{"self":[{"href":"https:\/\/bertonbois.com\/index.php\/wp-json\/wp\/v2\/product\/13456","targetHints":{"allow":["GET"]}}],"collection":[{"href":"https:\/\/bertonbois.com\/index.php\/wp-json\/wp\/v2\/product"}],"about":[{"href":"https:\/\/bertonbois.com\/index.php\/wp-json\/wp\/v2\/types\/product"}],"replies":[{"embeddable":true,"href":"https:\/\/bertonbois.com\/index.php\/wp-json\/wp\/v2\/comments?post=13456"}],"version-history":[{"count":1,"href":"https:\/\/bertonbois.com\/index.php\/wp-json\/wp\/v2\/product\/13456\/revisions"}],"predecessor-version":[{"id":13510,"href":"https:\/\/bertonbois.com\/index.php\/wp-json\/wp\/v2\/product\/13456\/revisions\/13510"}],"wp:featuredmedia":[{"embeddable":true,"href":"https:\/\/bertonbois.com\/index.php\/wp-json\/wp\/v2\/media\/13509"}],"wp:attachment":[{"href":"https:\/\/bertonbois.com\/index.php\/wp-json\/wp\/v2\/media?parent=13456"}],"wp:term":[{"taxonomy":"product_brand","embeddable":true,"href":"https:\/\/bertonbois.com\/index.php\/wp-json\/wp\/v2\/product_brand?post=13456"},{"taxonomy":"product_cat","embeddable":true,"href":"https:\/\/bertonbois.com\/index.php\/wp-json\/wp\/v2\/product_cat?post=13456"},{"taxonomy":"product_tag","embeddable":true,"href":"https:\/\/bertonbois.com\/index.php\/wp-json\/wp\/v2\/product_tag?post=13456"}],"curies":[{"name":"wp","href":"https:\/\/api.w.org\/{rel}","templated":true}]}}