{"id":13454,"date":"2024-08-22T13:56:25","date_gmt":"2024-08-22T11:56:25","guid":{"rendered":"https:\/\/bertonbois.com\/?post_type=product&#038;p=13454"},"modified":"2025-12-03T14:12:00","modified_gmt":"2025-12-03T13:12:00","slug":"granules-bois-dor-en-palette-de-66-sac-de-15kg","status":"publish","type":"product","link":"https:\/\/bertonbois.com\/index.php\/produit\/granules-bois-dor-en-palette-de-66-sac-de-15kg\/","title":{"rendered":"Granul\u00e9s Bois d&rsquo;Or en Palette de 66 sac de 15kg"},"content":{"rendered":"<p>Palette de 66 sacs de granul\u00e9s pellets 15 kgs, marque BOIS D\u2019OR, 100% r\u00e9sineux<br \/>\nBois issu de for\u00eats fran\u00e7aises.<br \/>\nLes granul\u00e9s sont fabriqu\u00e9s \u00e0 partir de sciure de bois non trait\u00e9, sans colle ni liant. Compress\u00e9 sous haute pression, le granul\u00e9 est propre et sans poussi\u00e8re. Le pellet BOIS d\u2019OR est norm\u00e9 labellis\u00e9 DIN+<br \/>\nCe produit offre de tr\u00e8s bonnes performances \u00e9nerg\u00e9tiques (5kWh\/kg) gr\u00e2ce \u00e0 un taux d\u2019humidit\u00e9 faible (&lt;8%) et un suivi rigoureux des processus de production. La granulom\u00e9trie constante facilite l\u2019\u00e9coulement dans le syst\u00e8me. Ces granul\u00e9s peuvent \u00eatre utilis\u00e9s pour tout type de d\u2019appareil \u00e0 granul\u00e9s \u00e0 bois : chaudi\u00e8re \u00e0 granul\u00e9s, po\u00eale, foyer ferm\u00e9 insert\u2026<\/p>\n","protected":false},"excerpt":{"rendered":"<p>Palette de 66 sacs de granul\u00e9s pellets 15 kgs, marque BOIS D\u2019OR, 100% r\u00e9sineux. Bois issu de for\u00eats fran\u00e7aises.<\/p>\n<p>&nbsp;<\/p>\n<p>&nbsp;<\/p>\n","protected":false},"featured_media":13505,"comment_status":"open","ping_status":"closed","template":"","meta":[],"product_brand":[],"product_cat":[516],"product_tag":[],"class_list":{"0":"post-13454","1":"product","2":"type-product","3":"status-publish","4":"has-post-thumbnail","6":"product_cat-granules-de-bois","8":"first","9":"instock","10":"taxable","11":"shipping-taxable","12":"purchasable","13":"product-type-simple"},"_links":{"self":[{"href":"https:\/\/bertonbois.com\/index.php\/wp-json\/wp\/v2\/product\/13454","targetHints":{"allow":["GET"]}}],"collection":[{"href":"https:\/\/bertonbois.com\/index.php\/wp-json\/wp\/v2\/product"}],"about":[{"href":"https:\/\/bertonbois.com\/index.php\/wp-json\/wp\/v2\/types\/product"}],"replies":[{"embeddable":true,"href":"https:\/\/bertonbois.com\/index.php\/wp-json\/wp\/v2\/comments?post=13454"}],"version-history":[{"count":1,"href":"https:\/\/bertonbois.com\/index.php\/wp-json\/wp\/v2\/product\/13454\/revisions"}],"predecessor-version":[{"id":13506,"href":"https:\/\/bertonbois.com\/index.php\/wp-json\/wp\/v2\/product\/13454\/revisions\/13506"}],"wp:featuredmedia":[{"embeddable":true,"href":"https:\/\/bertonbois.com\/index.php\/wp-json\/wp\/v2\/media\/13505"}],"wp:attachment":[{"href":"https:\/\/bertonbois.com\/index.php\/wp-json\/wp\/v2\/media?parent=13454"}],"wp:term":[{"taxonomy":"product_brand","embeddable":true,"href":"https:\/\/bertonbois.com\/index.php\/wp-json\/wp\/v2\/product_brand?post=13454"},{"taxonomy":"product_cat","embeddable":true,"href":"https:\/\/bertonbois.com\/index.php\/wp-json\/wp\/v2\/product_cat?post=13454"},{"taxonomy":"product_tag","embeddable":true,"href":"https:\/\/bertonbois.com\/index.php\/wp-json\/wp\/v2\/product_tag?post=13454"}],"curies":[{"name":"wp","href":"https:\/\/api.w.org\/{rel}","templated":true}]}}