{"id":13453,"date":"2024-08-22T13:56:25","date_gmt":"2024-08-22T11:56:25","guid":{"rendered":"https:\/\/bertonbois.com\/?post_type=product&#038;p=13453"},"modified":"2025-12-03T14:11:48","modified_gmt":"2025-12-03T13:11:48","slug":"pellet-excellent-pellets-palette-de-65-sacs-de-15-kg","status":"publish","type":"product","link":"https:\/\/bertonbois.com\/index.php\/produit\/pellet-excellent-pellets-palette-de-65-sacs-de-15-kg\/","title":{"rendered":"Pellet Excellent Pellets &#8211; Palette de 65 sacs de 15 kg"},"content":{"rendered":"<p>L\u2019utilisation de la sciure en circuit court permet de conserver sa grande fraicheur.<\/p>\n<p>Ces mati\u00e8res premi\u00e8res sont ensuite s\u00e9ch\u00e9es \u00e0 basse temp\u00e9rature (s\u00e9choir \u00e0 bande). Cette maitrise des mati\u00e8res premi\u00e8res permet l\u2019obtention d\u2019un faible taux de cendre et une temp\u00e9rature de d\u00e9formation des cendres \u00e9lev\u00e9e (\u00e9vite la formation de machefer).<\/p>\n<p>La duret\u00e9 importante du granul\u00e9 par un pressage haute densit\u00e9, le faible taux d\u2019humidit\u00e9 et enfin un tamisage effectu\u00e9e avant le remplissage de chaque sac permet un taux de poussi\u00e8re sortie usine tr\u00e8s faible.<\/p>\n<p>Ils d\u00e9passent les normes de qualit\u00e9 les plus strictes DIN Plus ou EN Plus.<\/p>\n<p>Ils conviennent parfaitement pour tous les syst\u00e8mes de chauffage aux granul\u00e9s de bois.<\/p>\n<p><strong>Fiche technique<\/strong><\/p>\n<dl class=\"data-sheet\">\n<dt class=\"name\">Certificats\u00a0 \u00a0 \u00a0 \u00a0 \u00a0 \u00a0 \u00a0 DIN Plus, EN Plus A1<\/dt>\n<dt class=\"name\">Pouvoir Calorifique\u00a0 \u00a0 \u00a0 \u00a0 \u00a0 \u00a0 \u00a0Sup\u00e9rieur \u00e0 5 kWh\/kg<\/dt>\n<dt class=\"name\">Taux D&rsquo;humidit\u00e9\u00a0 \u00a0 \u00a0 \u00a0 \u00a0 \u00a0 \u00a0 \u00a0Inf\u00e9rieur \u00e0 5,9%<\/dt>\n<dt class=\"name\">Taux De Cendres\u00a0 \u00a0 \u00a0 \u00a0 \u00a0 \u00a0 \u00a0Inf\u00e9rieur \u00e0 0,4%<\/dt>\n<dt class=\"name\">Taux De Poussi\u00e8re\u00a0 \u00a0 \u00a0 \u00a0 \u00a0Inf\u00e9rieur \u00e0 0,21%<\/dt>\n<dt class=\"name\">Essence\u00a0 \u00a0 \u00a0 \u00a0 \u00a0 \u00a0 \u00a0 \u00a0 \u00a0 \u00a0R\u00e9sineuses<\/dt>\n<dt class=\"name\">Type De Bois\u00a0 \u00a0 \u00a0 \u00a0 \u00a0 \u00a0 \u00a0 \u00a0100% r\u00e9sineux<\/dt>\n<dt class=\"name\">Conditionnement\u00a0 \u00a0 \u00a0 \u00a0 \u00a0 Palette<\/dt>\n<dt class=\"name\">Origine\u00a0 \u00a0 \u00a0 \u00a0 \u00a0 \u00a0 \u00a0 \u00a0 \u00a0 \u00a0 \u00a0 \u00a0Belgique<\/dt>\n<\/dl>\n","protected":false},"excerpt":{"rendered":"<p>Ils sont fabriqu\u00e9s au sein d&rsquo;une tr\u00e8s grosse scierie, o\u00f9 les sciures sont directement utilis\u00e9es sur place pour fabriquer les granul\u00e9s.<\/p>\n<p>Pellet Excellent Pellets\u00a0 &#8211; Palette de 65 sacs de 15 kg<\/p>\n<p>&nbsp;<\/p>\n","protected":false},"featured_media":13503,"comment_status":"open","ping_status":"closed","template":"","meta":[],"product_brand":[],"product_cat":[516],"product_tag":[],"class_list":{"0":"post-13453","1":"product","2":"type-product","3":"status-publish","4":"has-post-thumbnail","6":"product_cat-granules-de-bois","8":"first","9":"instock","10":"taxable","11":"shipping-taxable","12":"purchasable","13":"product-type-simple"},"_links":{"self":[{"href":"https:\/\/bertonbois.com\/index.php\/wp-json\/wp\/v2\/product\/13453","targetHints":{"allow":["GET"]}}],"collection":[{"href":"https:\/\/bertonbois.com\/index.php\/wp-json\/wp\/v2\/product"}],"about":[{"href":"https:\/\/bertonbois.com\/index.php\/wp-json\/wp\/v2\/types\/product"}],"replies":[{"embeddable":true,"href":"https:\/\/bertonbois.com\/index.php\/wp-json\/wp\/v2\/comments?post=13453"}],"version-history":[{"count":1,"href":"https:\/\/bertonbois.com\/index.php\/wp-json\/wp\/v2\/product\/13453\/revisions"}],"predecessor-version":[{"id":13504,"href":"https:\/\/bertonbois.com\/index.php\/wp-json\/wp\/v2\/product\/13453\/revisions\/13504"}],"wp:featuredmedia":[{"embeddable":true,"href":"https:\/\/bertonbois.com\/index.php\/wp-json\/wp\/v2\/media\/13503"}],"wp:attachment":[{"href":"https:\/\/bertonbois.com\/index.php\/wp-json\/wp\/v2\/media?parent=13453"}],"wp:term":[{"taxonomy":"product_brand","embeddable":true,"href":"https:\/\/bertonbois.com\/index.php\/wp-json\/wp\/v2\/product_brand?post=13453"},{"taxonomy":"product_cat","embeddable":true,"href":"https:\/\/bertonbois.com\/index.php\/wp-json\/wp\/v2\/product_cat?post=13453"},{"taxonomy":"product_tag","embeddable":true,"href":"https:\/\/bertonbois.com\/index.php\/wp-json\/wp\/v2\/product_tag?post=13453"}],"curies":[{"name":"wp","href":"https:\/\/api.w.org\/{rel}","templated":true}]}}