{"id":13450,"date":"2024-08-22T13:56:24","date_gmt":"2024-08-22T11:56:24","guid":{"rendered":"https:\/\/bertonbois.com\/?post_type=product&#038;p=13450"},"modified":"2025-12-03T14:53:26","modified_gmt":"2025-12-03T13:53:26","slug":"granules-de-bois-totalenergies-palette-de-66-sac-de-15-kg","status":"publish","type":"product","link":"https:\/\/bertonbois.com\/index.php\/produit\/granules-de-bois-totalenergies-palette-de-66-sac-de-15-kg\/","title":{"rendered":"Granul\u00e9s de bois TotalEnergies, palette de 66 Sac de 15 Kg"},"content":{"rendered":"<h2>DESCRIPTION<\/h2>\n<p>Les Pellets Premium de TotalEnergies\u00a0sont des produits peu salissants qui demandent peu d\u2019espace de stockage (l\u2019\u00e9quivalent d\u2019environ deux machines \u00e0 laver c\u00f4te \u00e0 c\u00f4te). Lors de la r\u00e9ception de votre palette, il est cependant n\u00e9cessaire de les stocker dans un endroit sec, abrit\u00e9 et ventil\u00e9\u00a0afin de ne pas perdre de leur pouvoir calorifique.<\/p>\n<p>Issus des meilleures essences de bois, les Pellets Premium de TotalEnergies disposent de nombreux avantages. Gr\u00e2ce notamment \u00e0 leur fort pouvoir calorifique, les Pellets Premium de TotalEnergies maximise le rendement de votre po\u00eale ou insert \u00e0 granul\u00e9s et vous garantisse un confort de chauffe dans toute votre maison. Certifi\u00e9 DinPlus, avec un faible taux d\u2019humidit\u00e9, les Pellets Premium de TotalEnergies font partis des meilleurs pellets du march\u00e9.<\/p>\n","protected":false},"excerpt":{"rendered":"<p>Pouvoir calorifique inf\u00e9rieur (kWh\/kg) = 4,8<\/p>\n<p>Taux d\u2019humidit\u00e9\u00a0(% masse) = \u2264 8.00%<\/p>\n<p>Taux de cendres\u00a0(% masse) = \u2264 0.6%<\/p>\n<p>Additif (% masse) = \u2264 2% 100% naturel<\/p>\n<p>Masse volumique apparente\u00a0(kg\/m) = 630 \u2264 MV\u00a0\u2264 720<\/p>\n<p>&nbsp;<\/p>\n<p>&nbsp;<\/p>\n<p>&nbsp;<\/p>\n","protected":false},"featured_media":13496,"comment_status":"open","ping_status":"closed","template":"","meta":[],"product_brand":[],"product_cat":[516],"product_tag":[],"class_list":{"0":"post-13450","1":"product","2":"type-product","3":"status-publish","4":"has-post-thumbnail","6":"product_cat-granules-de-bois","8":"first","9":"instock","10":"taxable","11":"shipping-taxable","12":"purchasable","13":"product-type-simple"},"_links":{"self":[{"href":"https:\/\/bertonbois.com\/index.php\/wp-json\/wp\/v2\/product\/13450","targetHints":{"allow":["GET"]}}],"collection":[{"href":"https:\/\/bertonbois.com\/index.php\/wp-json\/wp\/v2\/product"}],"about":[{"href":"https:\/\/bertonbois.com\/index.php\/wp-json\/wp\/v2\/types\/product"}],"replies":[{"embeddable":true,"href":"https:\/\/bertonbois.com\/index.php\/wp-json\/wp\/v2\/comments?post=13450"}],"version-history":[{"count":1,"href":"https:\/\/bertonbois.com\/index.php\/wp-json\/wp\/v2\/product\/13450\/revisions"}],"predecessor-version":[{"id":13497,"href":"https:\/\/bertonbois.com\/index.php\/wp-json\/wp\/v2\/product\/13450\/revisions\/13497"}],"wp:featuredmedia":[{"embeddable":true,"href":"https:\/\/bertonbois.com\/index.php\/wp-json\/wp\/v2\/media\/13496"}],"wp:attachment":[{"href":"https:\/\/bertonbois.com\/index.php\/wp-json\/wp\/v2\/media?parent=13450"}],"wp:term":[{"taxonomy":"product_brand","embeddable":true,"href":"https:\/\/bertonbois.com\/index.php\/wp-json\/wp\/v2\/product_brand?post=13450"},{"taxonomy":"product_cat","embeddable":true,"href":"https:\/\/bertonbois.com\/index.php\/wp-json\/wp\/v2\/product_cat?post=13450"},{"taxonomy":"product_tag","embeddable":true,"href":"https:\/\/bertonbois.com\/index.php\/wp-json\/wp\/v2\/product_tag?post=13450"}],"curies":[{"name":"wp","href":"https:\/\/api.w.org\/{rel}","templated":true}]}}