{"id":13449,"date":"2024-08-22T13:56:24","date_gmt":"2024-08-22T11:56:24","guid":{"rendered":"https:\/\/bertonbois.com\/?post_type=product&#038;p=13449"},"modified":"2025-12-03T14:25:24","modified_gmt":"2025-12-03T13:25:24","slug":"granules-de-bois-butagaz-palette-de-66-sacs-de-15kg","status":"publish","type":"product","link":"https:\/\/bertonbois.com\/index.php\/produit\/granules-de-bois-butagaz-palette-de-66-sacs-de-15kg\/","title":{"rendered":"Granul\u00e9s de bois Butagaz, palette de 66 sacs de 15kg"},"content":{"rendered":"<p>DESCRIPTION<\/p>\n<p>Taux de cendres 0,4 %<\/p>\n<p>Taux d\u2019humidit\u00e9 6,8 %<\/p>\n<p>Pouvoir calorifique 4.9kWh\/kg<\/p>\n<p>COMMENT SONT FABRIQU\u00c9S LES GRANUL\u00c9S DE BOIS PELLETS ?<br \/>\nNos produits sont fabriqu\u00e9s uniquement \u00e0 partir de sciure et de copeaux de bois. Nos producteurs r\u00e9cup\u00e8rent le bois non utilis\u00e9s en scierie, le broient et le transforment en granul\u00e9s pellets. Ainsi, nos granul\u00e9s pellets ne n\u00e9cessitent jamais l\u2019abattage d\u2019arbres dans leurs cycles de fabrication. Gr\u00e2ce \u00e0 un combustible de haute qualit\u00e9, offrez-vous un chauffage au bois simple et \u00e9cologique gr\u00e2ce \u00e0 une \u00e9nergie renouvelable.<\/p>\n<p>Conditionn\u00e9e en sac de 15kg, la palette de granul\u00e9s de bois pellets Butagaz en contient 66 sacs, soit un poids total d\u2019environ une tonne (990kg exactement). Les dimensions de la palette de pellets en sacs de 15kg varient en fonction de la r\u00e9gion : 80x120x180cm ou 100x100x180cm.<\/p>\n","protected":false},"excerpt":{"rendered":"<p>Les granul\u00e9s de bois pellets BUTAGAZ sont 100% naturels et 100% r\u00e9sineux vous assurant une qualit\u00e9 de chauffage au bois optimal et efficace. Produits en respectant les normes europ\u00e9ennes les plus strictes, et notamment la certification DIN plus, vous avez la certitude d\u2019avoir un combustible de qualit\u00e9 premium pour votre po\u00eale \u00e0 granul\u00e9s<\/p>\n<p>&nbsp;<\/p>\n","protected":false},"featured_media":13494,"comment_status":"open","ping_status":"closed","template":"","meta":[],"product_brand":[],"product_cat":[516],"product_tag":[],"class_list":{"0":"post-13449","1":"product","2":"type-product","3":"status-publish","4":"has-post-thumbnail","6":"product_cat-granules-de-bois","8":"first","9":"instock","10":"taxable","11":"shipping-taxable","12":"purchasable","13":"product-type-simple"},"_links":{"self":[{"href":"https:\/\/bertonbois.com\/index.php\/wp-json\/wp\/v2\/product\/13449","targetHints":{"allow":["GET"]}}],"collection":[{"href":"https:\/\/bertonbois.com\/index.php\/wp-json\/wp\/v2\/product"}],"about":[{"href":"https:\/\/bertonbois.com\/index.php\/wp-json\/wp\/v2\/types\/product"}],"replies":[{"embeddable":true,"href":"https:\/\/bertonbois.com\/index.php\/wp-json\/wp\/v2\/comments?post=13449"}],"version-history":[{"count":1,"href":"https:\/\/bertonbois.com\/index.php\/wp-json\/wp\/v2\/product\/13449\/revisions"}],"predecessor-version":[{"id":13495,"href":"https:\/\/bertonbois.com\/index.php\/wp-json\/wp\/v2\/product\/13449\/revisions\/13495"}],"wp:featuredmedia":[{"embeddable":true,"href":"https:\/\/bertonbois.com\/index.php\/wp-json\/wp\/v2\/media\/13494"}],"wp:attachment":[{"href":"https:\/\/bertonbois.com\/index.php\/wp-json\/wp\/v2\/media?parent=13449"}],"wp:term":[{"taxonomy":"product_brand","embeddable":true,"href":"https:\/\/bertonbois.com\/index.php\/wp-json\/wp\/v2\/product_brand?post=13449"},{"taxonomy":"product_cat","embeddable":true,"href":"https:\/\/bertonbois.com\/index.php\/wp-json\/wp\/v2\/product_cat?post=13449"},{"taxonomy":"product_tag","embeddable":true,"href":"https:\/\/bertonbois.com\/index.php\/wp-json\/wp\/v2\/product_tag?post=13449"}],"curies":[{"name":"wp","href":"https:\/\/api.w.org\/{rel}","templated":true}]}}