{"id":13446,"date":"2024-08-22T13:56:24","date_gmt":"2024-08-22T11:56:24","guid":{"rendered":"https:\/\/bertonbois.com\/?post_type=product&#038;p=13446"},"modified":"2025-12-03T14:56:29","modified_gmt":"2025-12-03T13:56:29","slug":"granules-de-bois-cogra-palette-de-70-sacs-de-15kg","status":"publish","type":"product","link":"https:\/\/bertonbois.com\/index.php\/produit\/granules-de-bois-cogra-palette-de-70-sacs-de-15kg\/","title":{"rendered":"Granul\u00e9s de bois COGRA, palette de 70 sacs de 15kg"},"content":{"rendered":"<p>Palette de 70 sacs de 15 kilos de Granul\u00e9s de Bois<\/p>\n<p><em><strong>Caract\u00e9ristiques techniques<\/strong><\/em><\/p>\n<p>Pouvoir calorifique : 4.6 kWh\/Kg &lt; Q &lt; 5.3 kWh\/Kg<\/p>\n<p>Densit\u00e9 en vrac : 600 kg\/m3 minimum<\/p>\n<p>Humidit\u00e9 : 5.3% du poids total<\/p>\n<p>Pourcentage des cendres : &lt; 0,7% du poids total<\/p>\n<p>Densit\u00e9 :0.6 g\/cm3<\/p>\n<p>Diam\u00e8tre : 6mm (\u00b1 1 mm)<\/p>\n<p>Longueur : 40 mm maximum<\/p>\n<p>Mati\u00e8re premi\u00e8re : 100% bois r\u00e9sineux<\/p>\n<p>Stockage : Sous abris<\/p>\n","protected":false},"excerpt":{"rendered":"<p>Les granul\u00e9s de bois Cogra sont fran\u00e7ais et r\u00e9pondent aux crit\u00e8res de la norme DIN Plus mais \u00e9galement \u00e0 la norme EN Plus A1. Ils sont 100 % naturels, 100 % r\u00e9sineux, sans colle ni additif. Ce pellet vous assure une bonne combustion avec son pouvoir calorifique \u00e9lev\u00e9 mais aussi une tranquillit\u00e9 car vous devrez nettoyer votre po\u00eale moins souvent, gr\u00e2ce \u00e0 des taux de cendres et de poussi\u00e8res tr\u00e8s bas.<\/p>\n<p>&nbsp;<\/p>\n","protected":false},"featured_media":13485,"comment_status":"open","ping_status":"closed","template":"","meta":[],"product_brand":[],"product_cat":[516],"product_tag":[],"class_list":{"0":"post-13446","1":"product","2":"type-product","3":"status-publish","4":"has-post-thumbnail","6":"product_cat-granules-de-bois","8":"first","9":"instock","10":"taxable","11":"shipping-taxable","12":"purchasable","13":"product-type-simple"},"_links":{"self":[{"href":"https:\/\/bertonbois.com\/index.php\/wp-json\/wp\/v2\/product\/13446","targetHints":{"allow":["GET"]}}],"collection":[{"href":"https:\/\/bertonbois.com\/index.php\/wp-json\/wp\/v2\/product"}],"about":[{"href":"https:\/\/bertonbois.com\/index.php\/wp-json\/wp\/v2\/types\/product"}],"replies":[{"embeddable":true,"href":"https:\/\/bertonbois.com\/index.php\/wp-json\/wp\/v2\/comments?post=13446"}],"version-history":[{"count":1,"href":"https:\/\/bertonbois.com\/index.php\/wp-json\/wp\/v2\/product\/13446\/revisions"}],"predecessor-version":[{"id":13487,"href":"https:\/\/bertonbois.com\/index.php\/wp-json\/wp\/v2\/product\/13446\/revisions\/13487"}],"wp:featuredmedia":[{"embeddable":true,"href":"https:\/\/bertonbois.com\/index.php\/wp-json\/wp\/v2\/media\/13485"}],"wp:attachment":[{"href":"https:\/\/bertonbois.com\/index.php\/wp-json\/wp\/v2\/media?parent=13446"}],"wp:term":[{"taxonomy":"product_brand","embeddable":true,"href":"https:\/\/bertonbois.com\/index.php\/wp-json\/wp\/v2\/product_brand?post=13446"},{"taxonomy":"product_cat","embeddable":true,"href":"https:\/\/bertonbois.com\/index.php\/wp-json\/wp\/v2\/product_cat?post=13446"},{"taxonomy":"product_tag","embeddable":true,"href":"https:\/\/bertonbois.com\/index.php\/wp-json\/wp\/v2\/product_tag?post=13446"}],"curies":[{"name":"wp","href":"https:\/\/api.w.org\/{rel}","templated":true}]}}