{"id":13445,"date":"2024-08-22T13:56:24","date_gmt":"2024-08-22T11:56:24","guid":{"rendered":"https:\/\/bertonbois.com\/?post_type=product&#038;p=13445"},"modified":"2025-12-03T14:24:08","modified_gmt":"2025-12-03T13:24:08","slug":"granules-de-bois-isko-palette-de-70-sacs-de-15-kg-1050kg","status":"publish","type":"product","link":"https:\/\/bertonbois.com\/index.php\/produit\/granules-de-bois-isko-palette-de-70-sacs-de-15-kg-1050kg\/","title":{"rendered":"Granul\u00e9s de bois ISKO &#8211; Palette de 70 sacs de 15 kg 1050kg"},"content":{"rendered":"<p>Les granul\u00e9s de bois ISKO sont 100 % r\u00e9sineux et issu du savoir faire. Palette de 70 sacs de 15 kg &#8211; 1050kg<\/p>\n<p>Pouvoir calorifique &gt; 18,0 MJ\/kg<br \/>\n6 mm de diam\u00e8tre<br \/>\n30 mm de long<br \/>\n&lt; 10 % d\u2019humidit\u00e9<br \/>\n&lt; 0,5 % de cendres<br \/>\n\u2265 97,5 % de durabilit\u00e9 m\u00e9canique<br \/>\n&lt; 1,2 kg \/dm3 de densit\u00e9<br \/>\n\u2264 1 % de taux de fines (au point de vente)<\/p>\n<p>Certification DIN plus n\u00b0 7A368 : cette norme garantit la qualit\u00e9 des granul\u00e9s de bois pour un maximum d\u2019\u00e9nergie et un minimum de cendres<\/p>\n","protected":false},"excerpt":{"rendered":"<p>Granul\u00e9s de bois ISKO, palette de 70 Sacs de 15 kg\u00a0 = 1050<em>kg.<\/em><\/p>\n<p>Granul\u00e9s de bois\u00a0<strong>DIN+<\/strong>, 100% r\u00e9sineux.<\/p>\n","protected":false},"featured_media":13480,"comment_status":"open","ping_status":"closed","template":"","meta":[],"product_brand":[],"product_cat":[516],"product_tag":[],"class_list":{"0":"post-13445","1":"product","2":"type-product","3":"status-publish","4":"has-post-thumbnail","6":"product_cat-granules-de-bois","8":"first","9":"instock","10":"taxable","11":"shipping-taxable","12":"purchasable","13":"product-type-simple"},"_links":{"self":[{"href":"https:\/\/bertonbois.com\/index.php\/wp-json\/wp\/v2\/product\/13445","targetHints":{"allow":["GET"]}}],"collection":[{"href":"https:\/\/bertonbois.com\/index.php\/wp-json\/wp\/v2\/product"}],"about":[{"href":"https:\/\/bertonbois.com\/index.php\/wp-json\/wp\/v2\/types\/product"}],"replies":[{"embeddable":true,"href":"https:\/\/bertonbois.com\/index.php\/wp-json\/wp\/v2\/comments?post=13445"}],"version-history":[{"count":1,"href":"https:\/\/bertonbois.com\/index.php\/wp-json\/wp\/v2\/product\/13445\/revisions"}],"predecessor-version":[{"id":13484,"href":"https:\/\/bertonbois.com\/index.php\/wp-json\/wp\/v2\/product\/13445\/revisions\/13484"}],"wp:featuredmedia":[{"embeddable":true,"href":"https:\/\/bertonbois.com\/index.php\/wp-json\/wp\/v2\/media\/13480"}],"wp:attachment":[{"href":"https:\/\/bertonbois.com\/index.php\/wp-json\/wp\/v2\/media?parent=13445"}],"wp:term":[{"taxonomy":"product_brand","embeddable":true,"href":"https:\/\/bertonbois.com\/index.php\/wp-json\/wp\/v2\/product_brand?post=13445"},{"taxonomy":"product_cat","embeddable":true,"href":"https:\/\/bertonbois.com\/index.php\/wp-json\/wp\/v2\/product_cat?post=13445"},{"taxonomy":"product_tag","embeddable":true,"href":"https:\/\/bertonbois.com\/index.php\/wp-json\/wp\/v2\/product_tag?post=13445"}],"curies":[{"name":"wp","href":"https:\/\/api.w.org\/{rel}","templated":true}]}}