{"id":13442,"date":"2024-08-22T13:56:24","date_gmt":"2024-08-22T11:56:24","guid":{"rendered":"https:\/\/bertonbois.com\/?post_type=product&#038;p=13442"},"modified":"2025-09-04T16:02:49","modified_gmt":"2025-09-04T14:02:49","slug":"ballot-de-bois-de-chauffage-45-cm-3-steres-pret-a-lemploi-melange-feuillus","status":"publish","type":"product","link":"https:\/\/bertonbois.com\/index.php\/produit\/ballot-de-bois-de-chauffage-45-cm-3-steres-pret-a-lemploi-melange-feuillus\/","title":{"rendered":"Ballot de bois de chauffage 45 cm 3 st\u00e8res &#8211; pr\u00eat \u00e0 l&#8217;emploi &#8211; m\u00e9lange feuillus"},"content":{"rendered":"<p>Bois de chauffage sec en ballot<br \/>\nProfitez de vos b\u00fbches de bois en ballot, coup\u00e9es en 45 cm<\/p>\n<p>Le ballot est compos\u00e9e uniquement d&rsquo;une palette et des b\u00fbches en vrac empil\u00e9es, tass\u00e9es puis film\u00e9es.<\/p>\n<p>Le bois est pr\u00eat \u00e0 br\u00fbler dans la chemin\u00e9e, le po\u00eale ou l&rsquo;insert; plus de parasites ni de mousses qui sont d\u00e9truites au s\u00e9chage. Vous profiterez d&rsquo;un bois qui s&rsquo;allume rapidement et facilement.<\/p>\n<p>Le bois est coup\u00e9 en longueur de 50 cm le volume d\u2019un st\u00e8re de bois est de 0,8m3.<\/p>\n<p>EAN : 2000000097015<\/p>\n","protected":false},"excerpt":{"rendered":"<p>Bois de chauffage Sec en vrac sur une palette perdue et film\u00e9e, pratique et \u00e9conomique.<br \/>\nHumidit\u00e9 du bois contr\u00f4l\u00e9e lors du s\u00e9chage, garantie inf\u00e9rieure \u00e0 20%, pour un rendement maximum.<\/p>\n<p>&nbsp;<\/p>\n","protected":false},"featured_media":13468,"comment_status":"open","ping_status":"closed","template":"","meta":[],"product_brand":[],"product_cat":[515],"product_tag":[],"class_list":{"0":"post-13442","1":"product","2":"type-product","3":"status-publish","4":"has-post-thumbnail","6":"product_cat-bois-de-chauffage","8":"first","9":"instock","10":"taxable","11":"shipping-taxable","12":"purchasable","13":"product-type-simple"},"_links":{"self":[{"href":"https:\/\/bertonbois.com\/index.php\/wp-json\/wp\/v2\/product\/13442","targetHints":{"allow":["GET"]}}],"collection":[{"href":"https:\/\/bertonbois.com\/index.php\/wp-json\/wp\/v2\/product"}],"about":[{"href":"https:\/\/bertonbois.com\/index.php\/wp-json\/wp\/v2\/types\/product"}],"replies":[{"embeddable":true,"href":"https:\/\/bertonbois.com\/index.php\/wp-json\/wp\/v2\/comments?post=13442"}],"version-history":[{"count":1,"href":"https:\/\/bertonbois.com\/index.php\/wp-json\/wp\/v2\/product\/13442\/revisions"}],"predecessor-version":[{"id":13474,"href":"https:\/\/bertonbois.com\/index.php\/wp-json\/wp\/v2\/product\/13442\/revisions\/13474"}],"wp:featuredmedia":[{"embeddable":true,"href":"https:\/\/bertonbois.com\/index.php\/wp-json\/wp\/v2\/media\/13468"}],"wp:attachment":[{"href":"https:\/\/bertonbois.com\/index.php\/wp-json\/wp\/v2\/media?parent=13442"}],"wp:term":[{"taxonomy":"product_brand","embeddable":true,"href":"https:\/\/bertonbois.com\/index.php\/wp-json\/wp\/v2\/product_brand?post=13442"},{"taxonomy":"product_cat","embeddable":true,"href":"https:\/\/bertonbois.com\/index.php\/wp-json\/wp\/v2\/product_cat?post=13442"},{"taxonomy":"product_tag","embeddable":true,"href":"https:\/\/bertonbois.com\/index.php\/wp-json\/wp\/v2\/product_tag?post=13442"}],"curies":[{"name":"wp","href":"https:\/\/api.w.org\/{rel}","templated":true}]}}