{"id":9619,"date":"2023-11-03T14:39:11","date_gmt":"2023-11-03T13:39:11","guid":{"rendered":"https:\/\/bertonbois.com\/?page_id=9619"},"modified":"2025-08-11T19:13:07","modified_gmt":"2025-08-11T17:13:07","slug":"politique-de-retour","status":"publish","type":"page","link":"https:\/\/bertonbois.com\/index.php\/politique-de-retour\/","title":{"rendered":"Politique de retours et de remboursement"},"content":{"rendered":"\n<h2 class=\"wp-block-heading\">Politique de retours et de remboursement <\/h2>\n\n\n\n<p>Satisfait ou rembours\u00e9 : modalit\u00e9s d\u2019exercice du droit de r\u00e9tractation :<\/p>\n\n\n\n<p>Si un produit ou article re\u00e7u ne vous donne pas enti\u00e8re satisfaction, vous pouvez bien nous le retourner .<\/p>\n\n\n\n<p>Conform\u00e9ment aux dispositions l\u00e9gales, dans les 14 jours qui suivent la r\u00e9ception de votre produit, vous pouvez exercer votre droit de r\u00e9tractation. Vous n\u2019avez pas \u00e0 justifier de motifs ni \u00e0 payer de p\u00e9nalit\u00e9. A l\u2019exception des frais de retour, qui restent \u00e0 votre charge, nous vous rembourserons la totalit\u00e9 des sommes vers\u00e9s au plus tard dans les 7 jours qui suivent votre r\u00e9tractation au m\u00eame mode de paiement .<\/p>\n\n\n\n<p>Pour la demande de remboursement, le client prendra contact avec nous \u00e0 l\u2019adresse ci dessous :<\/p>\n\n\n\n<p>Adresse de retour : Lieu dit Poumarede Route de Soula, 09000 Saint-Paul-de-Jarrat, France<\/p>\n\n\n\n<p>E-mail : contact@bertonbois.com<\/p>\n\n\n\n<p>T\u00e9l\u00e9phone (+33) 6 44 69 50 60<\/p>\n","protected":false},"excerpt":{"rendered":"<p>Politique de retours et de remboursement Satisfait ou rembours\u00e9 : modalit\u00e9s d\u2019exercice du droit de r\u00e9tractation : Si un produit<\/p>\n","protected":false},"author":1,"featured_media":0,"parent":0,"menu_order":0,"comment_status":"closed","ping_status":"closed","template":"","meta":{"footnotes":""},"class_list":["post-9619","page","type-page","status-publish","hentry"],"_links":{"self":[{"href":"https:\/\/bertonbois.com\/index.php\/wp-json\/wp\/v2\/pages\/9619","targetHints":{"allow":["GET"]}}],"collection":[{"href":"https:\/\/bertonbois.com\/index.php\/wp-json\/wp\/v2\/pages"}],"about":[{"href":"https:\/\/bertonbois.com\/index.php\/wp-json\/wp\/v2\/types\/page"}],"author":[{"embeddable":true,"href":"https:\/\/bertonbois.com\/index.php\/wp-json\/wp\/v2\/users\/1"}],"replies":[{"embeddable":true,"href":"https:\/\/bertonbois.com\/index.php\/wp-json\/wp\/v2\/comments?post=9619"}],"version-history":[{"count":8,"href":"https:\/\/bertonbois.com\/index.php\/wp-json\/wp\/v2\/pages\/9619\/revisions"}],"predecessor-version":[{"id":13822,"href":"https:\/\/bertonbois.com\/index.php\/wp-json\/wp\/v2\/pages\/9619\/revisions\/13822"}],"wp:attachment":[{"href":"https:\/\/bertonbois.com\/index.php\/wp-json\/wp\/v2\/media?parent=9619"}],"curies":[{"name":"wp","href":"https:\/\/api.w.org\/{rel}","templated":true}]}}