{"id":9617,"date":"2023-11-03T14:38:19","date_gmt":"2023-11-03T13:38:19","guid":{"rendered":"https:\/\/bertonbois.com\/?page_id=9617"},"modified":"2025-08-11T19:18:45","modified_gmt":"2025-08-11T17:18:45","slug":"mentions-legales","status":"publish","type":"page","link":"https:\/\/bertonbois.com\/index.php\/mentions-legales\/","title":{"rendered":"Mentions l\u00e9gales"},"content":{"rendered":"\n<h2 class=\"wp-block-heading\">Mentions l\u00e9gales<\/h2>\n\n\n\n<p>Le site www.bertonbois.com est la propri\u00e9t\u00e9 exclusive de BERTON BOIS, qui l\u2019\u00e9dite.<\/p>\n\n\n\n<p>Informations administratives<\/p>\n\n\n\n<p>Activit\u00e9 : Commerces de d\u00e9tail de charbons et combustibles<\/p>\n\n\n\n<p>Num\u00e9ro SIREN: 801106253<br>SIRET: 80110625300025<br>Num\u00e9ro TVA : FR17801106253<\/p>\n\n\n\n<p>Adresse : Lieu dit Poumarede Route de Soula, 09000 Saint-Paul-de-Jarrat, France<\/p>\n\n\n\n<p>E-mail : contact@bertonbois.com<br>Site web : https:\/\/bertonbois.com\/<\/p>\n\n\n\n<p>Conform\u00e9ment aux dispositions des articles 6-III et 19 de la Loi n\u00b0 2004-575 du 21 juin 2004 pour la Confiance dans l\u2019\u00e9conomie num\u00e9rique, dite L.C.E.N., nous portons \u00e0 la connaissance des utilisateurs et visiteurs du site<\/p>\n\n\n\n<p>Contenu \u00e9ditorial produit par la soci\u00e9t\u00e9 BERTON BOIS.<\/p>\n","protected":false},"excerpt":{"rendered":"<p>Mentions l\u00e9gales Le site www.bertonbois.com est la propri\u00e9t\u00e9 exclusive de BERTON BOIS, qui l\u2019\u00e9dite. Informations administratives Activit\u00e9 : Commerces de<\/p>\n","protected":false},"author":1,"featured_media":0,"parent":0,"menu_order":0,"comment_status":"closed","ping_status":"closed","template":"","meta":{"footnotes":""},"class_list":["post-9617","page","type-page","status-publish","hentry"],"_links":{"self":[{"href":"https:\/\/bertonbois.com\/index.php\/wp-json\/wp\/v2\/pages\/9617","targetHints":{"allow":["GET"]}}],"collection":[{"href":"https:\/\/bertonbois.com\/index.php\/wp-json\/wp\/v2\/pages"}],"about":[{"href":"https:\/\/bertonbois.com\/index.php\/wp-json\/wp\/v2\/types\/page"}],"author":[{"embeddable":true,"href":"https:\/\/bertonbois.com\/index.php\/wp-json\/wp\/v2\/users\/1"}],"replies":[{"embeddable":true,"href":"https:\/\/bertonbois.com\/index.php\/wp-json\/wp\/v2\/comments?post=9617"}],"version-history":[{"count":7,"href":"https:\/\/bertonbois.com\/index.php\/wp-json\/wp\/v2\/pages\/9617\/revisions"}],"predecessor-version":[{"id":13826,"href":"https:\/\/bertonbois.com\/index.php\/wp-json\/wp\/v2\/pages\/9617\/revisions\/13826"}],"wp:attachment":[{"href":"https:\/\/bertonbois.com\/index.php\/wp-json\/wp\/v2\/media?parent=9617"}],"curies":[{"name":"wp","href":"https:\/\/api.w.org\/{rel}","templated":true}]}}