{"id":9615,"date":"2023-11-03T14:30:27","date_gmt":"2023-11-03T13:30:27","guid":{"rendered":"https:\/\/bertonbois.com\/?page_id=9615"},"modified":"2025-09-07T22:48:05","modified_gmt":"2025-09-07T20:48:05","slug":"livraison","status":"publish","type":"page","link":"https:\/\/bertonbois.com\/index.php\/livraison\/","title":{"rendered":"Livraison"},"content":{"rendered":"\n<h2 class=\"wp-block-heading\">Livraison<\/h2>\n\n\n\n<p>Toute commande pass\u00e9e sur notre site ou par t\u00e9l\u00e9phone est livr\u00e9e gratuitement sous 2 \u00e0 3 jours ouvr\u00e9s dans toute la France et en Belgique apr\u00e8s r\u00e9ception de votre paiement, par nos propres livreurs, avec le mat\u00e9riel adapt\u00e9 \u00e0 chaque produit.<\/p>\n\n\n\n<p>La livraison se d\u00e9roule du Lundi au Vendredi \u00e0 l\u2019adresse donn\u00e9e lors de la commande. Nous ne livrons pas les samedis.<\/p>\n\n\n\n<p>Tous nos produits sont palettis\u00e9s pour une meilleure manipulation et ils sont d\u00e9charg\u00e9s, et rang\u00e9s dans l\u2019endroit de stockage d\u00e9sir\u00e9, sous r\u00e9serve d\u2019accessibilit\u00e9 pour le livreur.<\/p>\n\n\n\n<p>&#8211; Nous livrons les granul\u00e9s de bois et les bois de chauffage \u00e0 l\u2019aide d\u2019un v\u00e9hicule utilitaire pour les quantit\u00e9s inf\u00e9rieures ou \u00e9gales \u00e0 3T et un camion de 19T pour les quantit\u00e9s sup\u00e9rieures.<br>Les sacs de granul\u00e9s sont<\/p>\n\n\n\n<p>&#8211; Le bois de chauffage en vrac est livr\u00e9 avec un camion 26T . Nous organisons des tourn\u00e9es de livraison comprenant 48st de bois.<\/p>\n\n\n\n<p>-Le granul\u00e9 de bois en vrac est livr\u00e9 avec un camion souffleur enti\u00e8rement d\u00e9di\u00e9 cet usage. Il est dot\u00e9 d\u2019un \u00e9quipement de pes\u00e9e embarqu\u00e9e, certifiant la quantit\u00e9 exacte livr\u00e9e. Nous pouvons livrer les silos de stockage \u00e9quip\u00e9s de bouches de type pompier diam\u00e8tre 100 mm et 80 mm et les bouches de type allemande ou autrichiennes. Nous connectons \u00e9galement un aspirateur sur la seconde bouche pour aspirer les poussi\u00e8res cr\u00e9es lors du d\u00e9chargement.\u200b<\/p>\n","protected":false},"excerpt":{"rendered":"<p>Livraison Toute commande pass\u00e9e sur notre site ou par t\u00e9l\u00e9phone est livr\u00e9e gratuitement sous 2 \u00e0 3 jours ouvr\u00e9s dans<\/p>\n","protected":false},"author":1,"featured_media":0,"parent":0,"menu_order":0,"comment_status":"closed","ping_status":"closed","template":"","meta":{"footnotes":""},"class_list":["post-9615","page","type-page","status-publish","hentry"],"_links":{"self":[{"href":"https:\/\/bertonbois.com\/index.php\/wp-json\/wp\/v2\/pages\/9615","targetHints":{"allow":["GET"]}}],"collection":[{"href":"https:\/\/bertonbois.com\/index.php\/wp-json\/wp\/v2\/pages"}],"about":[{"href":"https:\/\/bertonbois.com\/index.php\/wp-json\/wp\/v2\/types\/page"}],"author":[{"embeddable":true,"href":"https:\/\/bertonbois.com\/index.php\/wp-json\/wp\/v2\/users\/1"}],"replies":[{"embeddable":true,"href":"https:\/\/bertonbois.com\/index.php\/wp-json\/wp\/v2\/comments?post=9615"}],"version-history":[{"count":11,"href":"https:\/\/bertonbois.com\/index.php\/wp-json\/wp\/v2\/pages\/9615\/revisions"}],"predecessor-version":[{"id":13949,"href":"https:\/\/bertonbois.com\/index.php\/wp-json\/wp\/v2\/pages\/9615\/revisions\/13949"}],"wp:attachment":[{"href":"https:\/\/bertonbois.com\/index.php\/wp-json\/wp\/v2\/media?parent=9615"}],"curies":[{"name":"wp","href":"https:\/\/api.w.org\/{rel}","templated":true}]}}